{"id":108,"date":"2015-04-04T11:40:16","date_gmt":"2015-04-04T10:40:16","guid":{"rendered":"http:\/\/www.lecasteletdesmetamorphoses.fr\/?page_id=108"},"modified":"2022-09-05T15:42:51","modified_gmt":"2022-09-05T14:42:51","slug":"pour-nous-contacter","status":"publish","type":"page","link":"https:\/\/www.lecasteletdesmetamorphoses.fr\/?page_id=108","title":{"rendered":"Contact \/ R\u00e9servation"},"content":{"rendered":"<form method=\"post\" id=\"cntctfrm_contact_form\" class=\"cntctfrm_contact_form cntctfrm_one_column cntctfrm_ltr cntctfrm_width_custom\" action=\"\/index.php?rest_route=%2Fwp%2Fv2%2Fpages%2F108#cntctfrm_contact_form\" enctype=\"multipart\/form-data\"><div id=\"cntctfrm_first_column\" class=\"cntctfrm_column\"><div class=\"cntctfrm_field_wrap cntctfrm_field_name_wrap\"namecontact><div class=\"cntctfrm_label cntctfrm_label_name\">\n\t\t\t\t\t\t\t\t\t<label for=\"cntctfrm_contact_name\">Nom: <span class=\"required\">*<\/span><\/label><\/div><div class=\"cntctfrm_input cntctfrm_input_name\">\n\t\t\t\t\t\t\t\t\t<input namecontact class=\"text\" type=\"text\" size=\"40\" pattern=\"^([\\p{L}\\p{M}]{2,}(\\s)*(\\p{L}+\\p{M}*-*){1,})|([\\p{L}\\p{M}]{3,})\" title=\"Veuillez saisir uniquement des lettres d'au moins 3 caract\u00e8res, les mots \u00e9tant s\u00e9par\u00e9s par des espaces\" value=\"\" name=\"cntctfrm_contact_name\" id=\"cntctfrm_contact_name\" \/><\/div><\/div><div class=\"cntctfrm_field_wrap cntctfrm_field_email_wrap\"email><div class=\"cntctfrm_label cntctfrm_label_email\">\n\t\t\t\t\t\t\t\t\t<label for=\"cntctfrm_contact_email\">Adresse e-mail: <span class=\"required\">*<\/span><\/label>\n\t\t\t\t\t\t\t\t<\/div><div class=\"cntctfrm_input cntctfrm_input_email\">\n\t\t\t\t\t\t\t\t\t<input email class=\"text\" type=\"email\" size=\"40\" value=\"\" name=\"cntctfrm_contact_email\" id=\"cntctfrm_contact_email\" \/><\/div><\/div><div class=\"cntctfrm_field_wrap cntctfrm_field_subject_wrap\"subject><div class=\"cntctfrm_label cntctfrm_label_subject\">\n\t\t\t\t\t\t\t\t\t<label for=\"cntctfrm_contact_subject\">Sujet:<\/label>\n\t\t\t\t\t\t\t\t<\/div><div class=\"cntctfrm_input cntctfrm_input_subject\">\n\t\t\t\t\t\t\t\t<input subject pattern=\"^([\\p{M}\\p{L}]{1,}(\\s\\p{M}*\\p{L}+-*)*){3,}\" title=\"Veuillez saisir uniquement des lettres d'au moins 3 caract\u00e8res, les mots \u00e9tant s\u00e9par\u00e9s par des espaces\" class=\"text\" type=\"text\" size=\"40\" value=\"\" name=\"cntctfrm_contact_subject\" id=\"cntctfrm_contact_subject\" \/><\/div><\/div><div class=\"cntctfrm_field_wrap cntctfrm_field_message_wrap\"message><div class=\"cntctfrm_label cntctfrm_label_message\">\n\t\t\t\t\t\t\t\t<label for=\"cntctfrm_contact_message\">Message: <span class=\"required\">*<\/span><\/label>\n\t\t\t\t\t\t\t<\/div><div class=\"cntctfrm_input cntctfrm_input_message\">\n\t\t\t\t\t\t\t\t<textarea message rows=\"5\" cols=\"30\"name=\"cntctfrm_contact_message\" id=\"cntctfrm_contact_message\"><\/textarea><\/div><\/div><div class=\"cntctfrm_field_wrap cntctfrm_field_attachment_wrap\"><div class=\"cntctfrm_checkbox cntctfrm_checkbox_send_copy\">\n\t\t\t\t\t\t\t\t\t<input type=\"checkbox\" value=\"1\" name=\"cntctfrm_contact_send_copy\" id=\"cntctfrm_contact_send_copy\" \/>\n\t\t\t\t\t\t\t\t\t<label for=\"cntctfrm_contact_send_copy\">M&rsquo;envoyer une copie<\/label><\/div><\/div><div class=\"cntctfrm_field_wrap cntctfrm_field_captcha_wrap\"><div class=\"cntctfrm_label cntctfrm_label_captcha\">\n\t\t\t\t\t\t\t\t\t\t\t<label>Je ne suis pas un robot :<span class=\"required\">*<\/span><\/label>\n\t\t\t\t\t\t\t\t\t\t<\/div><div class=\"cntctfrm_input cntctfrm_input_captcha\"><span id=\"cptch_time_limit_notice_18\" class=\"cptch_time_limit_notice cptch_to_remove\">Time limit exceeded. Please complete the captcha once again.<\/span><span class=\"cptch_wrap cptch_recognition\">\n\t\t\t\t<label class=\"cptch_label\" for=\"cptch_input_18\"><span class=\"cptch_images_wrap\"><span class=\"cptch_span\"><span class=\"cptch_img \"><img decoding=\"async\" src=\"data:image\/png;base64,iVBORw0KGgoAAAANSUhEUgAAAgAAAAIACAMAAADDpiTIAAAAGXRFWHRTb2Z0d2FyZQBBZG9iZSBJbWFnZVJlYWR5ccllPAAAABhQTFRF8\/Pz09PTrq6ui4uLZGRkAAAAOTk5\/\/\/\/3PFFtgAAAAh0Uk5T\/\/\/\/\/\/\/\/\/wDeg71ZAAAJXklEQVR42uzdy5rithaAUd0sv\/8bn6r0pL\/kJI0Mdkna6x9mUB3QYls2YNKp0CVPAQACQAAIAAEgAASAABAAAkAACAABIAAEgAAQAAJAAAgAASAABIAAEAACQAAIAAEgAASAABAAAkAACAABIAAEgAAQAAJAAAgAASAABIAAEAACQAAIAAEgAASAABAAAkAACAABIAAEgAAQAAJAAAgAASAABIAAEAACQAAIAAEgAASAABAAAkAACAABAICnAAABIAAEgAAQAAJAAAgAASAABIAAEAACQAAIAAEgAASAABAAAkAACAABIAAEgAAQAAJAAAgAASAABIAAEAACQAAIAAEgAASAABAAAkAACAABIAAEgAAQAAJAAAiA+5+MnEutrfWvjr\/1\/d9aa7WUnADYb+VLbf9Y83\/vy0ItCYAtnoCxpf+9BsDi5ctrD8D6D7y24806AOu+9PvxfibAoqvfPrH6JsCqk\/9Dq28CrPniPz6YCbDaCV8\/PpoJsNbsPz6dCRB6+U2A4MtvAizTp4\/9JsBaO\/+blt8EiDz9TYDwL38TIPjL3wQI\/vI3Aebf\/B83ZwJM\/cDa3etvAkz9uPrt628CBD78mwCTr\/\/xRCZA2O2fCWD9TYDw628CBF9\/EyD4+psAcff\/JoD1NwGmfDRPrr8JMN+D6YcJEBlAO0yAyADKs+tvAuy6Afy+\/0ctpeSccvouf9875tfNY0yAnTcAvdf6pzsA\/XY3GRNgpw1AH7rpzxeD1k2AXTYAvZW4d0oJfwWgt3wGbhcAVw8ArZyx2wTAxQNAdZvETe522C9t+yz\/LgCqV39oABd2gM3ybwRgeAfYi5XfCED28o8NYHQH6OW\/F4DBU8CerfpeAMYGQDf+NwOQHf5jA+jWPzSAoQHQLPh2AJrjf2gA2frHBjDyLoD13w\/AyLsAzv83BDBwEaha7A0BdBuA0ACyA0BsANUBIDYAZwCxAWTvAMcG0OwAQwNIBkBsAMUAiA2gOQWIDaA7BQgNIPsUQGwA1UXA2ABePQJ0q7wlgGQLGBtAcQSIDaA5AsQG0B0BQgNIjgCxARRXgWIDaK4CxQbwsS3Ar1t\/9v7b\/UL\/ulVsTgDsvgVIubb+X3cQrPsrWPUB5re3AKm+dBT5QgDAhNX3rgKkMvCl4r6zgVUBvLUHzMO3levb3kx41cfVr38YLF+7reym9xVc9FFd3wOm67eV35LAoo\/p6h4w1eOdNiSw6CMq1\/aA+d1fFdnvDpOLArj2VmA93m+3uwwt+nD6hZOA9KFflcsArAOgfnD87\/kG85oAXj4JKDes\/16HgTUfSh4e15\/9VemNbje7JoDhDwN8+lfF9xGwJoCXt\/M3rf9GW8E1AQyeBeY7flU8AzD\/ScAvAPf8qvwmR4G9AbSheTEqIAHwUw19LbQeBwF7ARj6Vlg+bqsBMPllgHrXBmCfW88sCaAMLFA97iwDMDmAfOv6b7ANWPIBvPyqLrnfC2D9N4aWBNCOecoAxAaw+kFgyf\/9PhGA1Q8CALxdAiA2gArArFeCjQAAjIANAaTDCAgNIB9GAAAz1QFYEUD\/vg9MTinlX3eJifmuYFAA\/f\/c\/CXly1cYGwBPVt4+Zv\/bBfx09c2jBMAyAP5ws49rBAoAqwD481f8S6ht4IoA3viQz0vf6rsyBBIAK0yAFyf1hc8RFgDmnwCvf5VjXEADYHoAIx\/dGBbQAZgdwNiX+offb8gAzA1g9KYOOcgmIAqA8Y\/utRibgCAALnx0M8XYBAQBkO\/\/ZxIA8wK4dIAePBPIAEwLoD\/x7xQApgVw8UGmCLvACJeCLy9NA2CLCZAekdYBmHQCXH9pjh0DAJgUwBvb877\/eeD+AN4ZzXX\/88D9PxTanvqXCgBTAnhnXRIAU\/4\/P3eJdmQTUAF4qufOzgAIDqBufyVo+xtENAAAeOaME4DHalMC6ADsByCbADNWpwRgAjxWASA2gAxAbADpsWUBYPkrQX2RWQPAXRcCTIANAYycByYTYD8AI+eBb31Ow5XA9c8DCwD7AUhPrcvIqPF28IanAQ2A2LvA9tSxBoA5d4H9qd0mAPednr0xmoc+fQjApLvA\/owzXwx5tGdm8\/6fB1kWwDPb8wbADpeC+iNzxtfDp90EXD4GDP0jFYBpNwFXR8DQd0PdImbeKwFXR0CAb4evC2DoDO3a8TnC\/SHWBTD28sy3Dxk3ipz5RPDSCBi7T2AFYOZjwJUtWjkC7AEXBjB2DLhws+CxG4UmAKY+Dxg\/CDx3JyIAnjgGjM7owZuFVwAmPwaMngm0O\/84AB9p8H6BQ9uA0dvR+tm4n\/h\/P24TMPqDMev+ePDKAIZvGvyygOEfDcsArDACXhUw\/tOhfjz6Z2q3CBhf\/3oCsMKZ4Gtngxf+aAZglRHwx58PTxf+ZD8BWGcE\/OcQSLUfd0wVACYaAV+v2JI+uPxX3mcA4EdHwPeJe\/77I0+lXfxb9QRgnWsBv71wa8k5pZRzLrX1y3\/nSACsdC3g49UTgJ+s\/DSABMDP1n92\/csJwJr7wM\/UEwDr7gMNgC0ApB88CLQTgNAHgQRA6INAOQGYouYAEBvAz2wDegIg9DYgnwBEviBYTwAiC2gnAJFPBXoCIPKpQN9l+3wSEHn99wLwnICeTwAC7wP2Wf\/dADwjoG\/0rO0G4ImzwZ3Wfz8AF77YNXr+v9Vzth+Au98XKJs9W+eGVdu\/2ADuOwy07Z6vPQGcqRr\/oQF8DYHm5R8awNcJYXf0Dw3go8eBXnZ9ks4TgcvfJwdg\/sf3gQPBtq\/+CADe3w62vPcr5AzQ9THQyvYj8ozRFQP7r34gAH8ZGLgFUKs5yLNyhirlP94MpvdaIr0szoCl75sCtd6P\/tuy99ZqLTnaExISgAAQAAJAAAAgAASAABAAAkAACAABIAAEgAAQAAJAAAgAASAABIAAEAACQAAIAAEgAASAABAAAkAACAABIAAEgAAQAAJAAAgAASAABIAAEAACQAAIAAEgAASAABAAAkAACAABIAAEgAAQAAJAAAgAASAABIAAEAACQAAIAAEgAASAABAAAkAACAABIAAEgAAQAAIAAAEgAASAABAAAkAACAABIAAEgAAQAAJAAAgAASAABIAAEAACQAAIAAEgAASAABAAAkAACAABIAAEgAAQAAJAAAgAASAABIAAEAACQAAIAAEgAASAABAAAkAACADd0v8EGAAV21wfnzs+XgAAAABJRU5ErkJggg==\" alt=\"image\"\/><\/span><\/span><span class=\"cptch_span\"><span class=\"cptch_img \"><img decoding=\"async\" src=\"data:image\/png;base64,iVBORw0KGgoAAAANSUhEUgAAAgAAAAIACAMAAADDpiTIAAAAGXRFWHRTb2Z0d2FyZQBBZG9iZSBJbWFnZVJlYWR5ccllPAAAABhQTFRF7u7unZ2dY2Nj0NDQuLi4LS0tAAAA\/\/\/\/kcWTEgAAAAh0Uk5T\/\/\/\/\/\/\/\/\/wDeg71ZAAAFaUlEQVR42uzc207cQBBFUbftbv\/\/H3NRCEIMog2OFNdZ+zk8DF6pcpGI5VB0i28BAAJAAAgAASAABIAAEAACQAAIAAEgAASAABAAAkAACAABIAAEgAAQAAJAAAgAASAABIAAEAACQAAIAAEgAASAABAAAkAACAABIAAEgAAQAAJAAAgAASAABIAAEAACQAAIAAEgAASAABAAAkAACAABIAAEgAAQAAJAAAgAASAABIAAEAACQAAIAAEAgG8BAAJAAAgAASAABIAAEAACQAAIAAEgAASAABAAAkAACAABIAAEgAAQAAJAAAgAASAABIAAEAACQAAIAAEgAASAABAAAkAACAABIAAEgAAQAAJAAAgAASAABIAAEAACQAAIgH\/W1sdMABRtHwOA4NYBQPIynH7+AASv\/5c6ALnr3wSoOf7bACD5+fcBgPUPgPUPgOvPFeD5mwDWPwAZtTEAMP4B8PwBsP5dAda\/CWD8A5Dx\/PsAIBjANgYAwQDaACAYwO\/WvysgfP2bADdvv+D5AxC8\/gHIXv8ApK9\/AG68\/i96\/K6A5PVvAoSvfwDu2dYHAMEA9jEACAbQBgDBAC5d\/66A8PVvAoSvfwDC1z8A2esfgPT1D0D4+ncFpI9\/E8DzByB4\/QMQfP0BYPwD4Pm7AqLXvwlQc\/33BkDy+O+L3xVc5OP8aPz3zS+LTl7\/fTm5OAAodf0\/\/\/0\/96WugFLXX19O2wGgzvr\/8\/wBiH3\/Ww4AqnyUXzz\/YwXg\/p3\/DyDr348PQOIV8P78TwFwBfy3nbsD1p9+JQAlXgTbAUC9HwXPP8X9AKAegOkXwdcf\/wFQ8J+D27nz760OQNKL4PrpY3dXQNCLYPv8VSZAzotg3w8AKgP45rfB94cfGYCUF8H18ScGIORFsH3xFf5XcMSL4MP1fxqAK+CuL4L9609rAhRrn1\/\/AJSsTa9\/AGq2zq7\/mZ8dAHD3F8G+HABkAfjwUNfluA6AK+AmbXPr3wQo29uL4HbCCgDlXgT7xGc0Aeq+CK4zH9EEKPsi2Kb+HABlBRzXA3AF1Gs3AQAAAAAAAAAAAADyaq4AAEwAAAAAAAAAAAAAAABcAQCYAAAAAAAAAAAAAAAAuAIAMAEAAAAAAAAAAAAAXAEAmAAAAAAAAAAAAAAAALgCADABAAAAAAAAAAAAAABwBQBgAgAAAAAAAAAAAAAA4AoAwAQAAAAAAAAAAAAAAMAVAIAJAAAAAAAAAAAAAACAKwAAEwAAAAAAAAAAAAAAAFcAACYAAAAAAAAAAAAAAACuAABMAAAAAAAAAAAAAAAAXAEAmAAAAAAAAAAAAAAAALgCADABAAAAAAAAAAAAAABwBQBgAgAAAAAAAAAAAAAA4AqQCQAAAAAAAAAAAAAAgCsAABMAAAAAAAAAAAAAAABXAAAmAAAAAAAAAAAAAIArAAATAAAAAAAAAAAAAAAAVwAAJgAAAAAAAAAAAAAAAK4AAEwAAAAAAAAAAAAAAABcAQCYAAAAAAAAAAAAAAAACAABIAAEgAAQAAJAAAgAASAABIAAEAACQAAIAAEgAASAABAAAkAACAABIAAEgAAQAAJAAAgAASAABIAAEAACQAAIAAEgAAQAAAJAAAgAASAABIAAEAACQAAIAAEgAASAABAAAkAACAABIAAEgAAQAAJAAAgAASAABIAAEAACQAAIAAEgAASAABAAAkAACAABIAAEgAAQAAJAAAgAASAABIAAEAACQAAIAAEgAASAABAAAkAACAABIAAEgAAQAAJAAAgAASAABIAAEAACQAAIAAEgAAAQAAJAAAgAASAABIAAEAACQAAIAAEgAASAABAAAkAAqEBPAgwAQsbMlXn0lLMAAAAASUVORK5CYII=\" alt=\"image\"\/><\/span><\/span><span class=\"cptch_span\"><span class=\"cptch_img \"><img decoding=\"async\" src=\"data:image\/png;base64,iVBORw0KGgoAAAANSUhEUgAAAgAAAAIACAMAAADDpiTIAAAAGXRFWHRTb2Z0d2FyZQBBZG9iZSBJbWFnZVJlYWR5ccllPAAAABhQTFRF7u7unZ2dY2Nj0NDQuLi4LS0tAAAA\/\/\/\/kcWTEgAAAAh0Uk5T\/\/\/\/\/\/\/\/\/wDeg71ZAAAFaUlEQVR42uzc207cQBBFUbftbv\/\/H3NRCEIMog2OFNdZ+zk8DF6pcpGI5VB0i28BAAJAAAgAASAABIAAEAACQAAIAAEgAASAABAAAkAACAABIAAEgAAQAAJAAAgAASAABIAAEAACQAAIAAEgAASAABAAAkAACAABIAAEgAAQAAJAAAgAASAABIAAEAACQAAIAAEgAASAABAAAkAACAABIAAEgAAQAAJAAAgAASAABIAAEAACQAAIAAEAgG8BAAJAAAgAASAABIAAEAACQAAIAAEgAASAABAAAkAACAABIAAEgAAQAAJAAAgAASAABIAAEAACQAAIAAEgAASAABAAAkAACAABIAAEgAAQAAJAAAgAASAABIAAEAACQAAIgH\/W1sdMABRtHwOA4NYBQPIynH7+AASv\/5c6ALnr3wSoOf7bACD5+fcBgPUPgPUPgOvPFeD5mwDWPwAZtTEAMP4B8PwBsP5dAda\/CWD8A5Dx\/PsAIBjANgYAwQDaACAYwO\/WvysgfP2bADdvv+D5AxC8\/gHIXv8ApK9\/AG68\/i96\/K6A5PVvAoSvfwDu2dYHAMEA9jEACAbQBgDBAC5d\/66A8PVvAoSvfwDC1z8A2esfgPT1D0D4+ncFpI9\/E8DzByB4\/QMQfP0BYPwD4Pm7AqLXvwlQc\/33BkDy+O+L3xVc5OP8aPz3zS+LTl7\/fTm5OAAodf0\/\/\/0\/96WugFLXX19O2wGgzvr\/8\/wBiH3\/Ww4AqnyUXzz\/YwXg\/p3\/DyDr348PQOIV8P78TwFwBfy3nbsD1p9+JQAlXgTbAUC9HwXPP8X9AKAegOkXwdcf\/wFQ8J+D27nz760OQNKL4PrpY3dXQNCLYPv8VSZAzotg3w8AKgP45rfB94cfGYCUF8H18ScGIORFsH3xFf5XcMSL4MP1fxqAK+CuL4L9609rAhRrn1\/\/AJSsTa9\/AGq2zq7\/mZ8dAHD3F8G+HABkAfjwUNfluA6AK+AmbXPr3wQo29uL4HbCCgDlXgT7xGc0Aeq+CK4zH9EEKPsi2Kb+HABlBRzXA3AF1Gs3AQAAAAAAAAAAAADyaq4AAEwAAAAAAAAAAAAAAABcAQCYAAAAAAAAAAAAAAAAuAIAMAEAAAAAAAAAAAAAXAEAmAAAAAAAAAAAAAAAALgCADABAAAAAAAAAAAAAABwBQBgAgAAAAAAAAAAAAAA4AoAwAQAAAAAAAAAAAAAAMAVAIAJAAAAAAAAAAAAAACAKwAAEwAAAAAAAAAAAAAAAFcAACYAAAAAAAAAAAAAAACuAABMAAAAAAAAAAAAAAAAXAEAmAAAAAAAAAAAAAAAALgCADABAAAAAAAAAAAAAABwBQBgAgAAAAAAAAAAAAAA4AqQCQAAAAAAAAAAAAAAgCsAABMAAAAAAAAAAAAAAABXAAAmAAAAAAAAAAAAAIArAAATAAAAAAAAAAAAAAAAVwAAJgAAAAAAAAAAAAAAAK4AAEwAAAAAAAAAAAAAAABcAQCYAAAAAAAAAAAAAAAACAABIAAEgAAQAAJAAAgAASAABIAAEAACQAAIAAEgAASAABAAAkAACAABIAAEgAAQAAJAAAgAASAABIAAEAACQAAIAAEgAAQAAAJAAAgAASAABIAAEAACQAAIAAEgAASAABAAAkAACAABIAAEgAAQAAJAAAgAASAABIAAEAACQAAIAAEgAASAABAAAkAACAABIAAEgAAQAAJAAAgAASAABIAAEAACQAAIAAEgAASAABAAAkAACAABIAAEgAAQAAJAAAgAASAABIAAEAACQAAIAAEgAAAQAAJAAAgAASAABIAAEAACQAAIAAEgAASAABAAAkAAqEBPAgwAQsbMlXn0lLMAAAAASUVORK5CYII=\" alt=\"image\"\/><\/span><\/span><span class=\"cptch_span\"><span class=\"cptch_img \"><img decoding=\"async\" src=\"data:image\/png;base64,iVBORw0KGgoAAAANSUhEUgAAAgAAAAIACAMAAADDpiTIAAAAGXRFWHRTb2Z0d2FyZQBBZG9iZSBJbWFnZVJlYWR5ccllPAAAABhQTFRF8vLy09PTrq6uiIiILi4uX19fAAAA\/\/\/\/kGXJUAAAAAh0Uk5T\/\/\/\/\/\/\/\/\/wDeg71ZAAAIcElEQVR42uzd23baOhRAUUuy8P\/\/8QHSdDQtOYkvBGvvud76VtDEkh2QpkWpm7wFAAgAASAABIAAEAACQAAIAAEgAASAABAAAkAACAABIAAEgAAQAAJAAAgAASAABIAAEAACQAAIAAEgAASAABAAAkAACAABIAAEgAAQAAJAAAgAASAABIAAEAACQAAIAAEgAASAABAAAkAACAABIAAEgAAQAAJAAAgAASAABIAAEAACQAAIAAEgAAQAAN4CAASAABAAAkAACAABIAAEgAAQAAJAAAgAASAABIAAEAACQAAIAAEgAASAABAAAkAACAABIAAEgAAQAAJAAAgAASAABIAAEAACQAAIAAEgAASAABAAAkAACAABIAD2vtRSa2u9z9cuf3T9Z++91VomAKKOfOsfB\/2z5iuEAkCose\/fGvm\/GNQJgPFfWm3rxz4dgqgvsuwZ\/N8IWgFgyI9+P2D03w1MAIw2+pdjm0PPBcFeWznus5\/kMhDplU3tGaP\/Vp8AOP2H\/\/LUgl4Foryq+uThD0sgxmuq8+UnmisAiYc\/5lJg\/BdUfm74I14ERgdQ+uWHC7YSGPvVTO3y880TAPkm\/w8CCgCn+K\/3y6sqALy+dnlhFYBX\/7\/ny0srALx29r+8ugLAK2\/+LhcCUl8B2usBBLkbHPRVvHoJcH8sDEDySaABkHsSCLEMGBbAGSaBGYDkk0AFIPkkMAGQexJoACSfBCYAck8CDYDck8DwzwPH\/v8XNwK5AZxgEugAJJ8EJgByTwIVgIEmgbm3VkuZ7pVy2zxo7++JOwBjTAJz+2wbsJ17yQBw\/kngOvhfvNAdW8oUAM49CXx3h4+tvzKoAJx4Eli1v8s2Ah2A004CfeXledNvTQA46SSwaWefmm0VGALAo0lg695eNdmjoBjfbS4H\/oy\/5roNCPJT53bIp3\/LoyUAzjcJ7NzCYfXfFyoAZ5oE9u\/gUQAYdxI4ZPOGDsCgk8BBWzgVAMacBA7bxG3dKqABcI5J4LjVeHMFyF0BIHkAJK8DAIAngYlr\/hiUu1V\/EVoASH0b4PsAyQH4RlByAA2A3GsA3wpODsDvAnID8Mug5M8B\/DYwYj3LGhCA3QDsDxCxPLuFArDzMUADIPca0C5hEZuz3AMA8PhNSbRdNAC7ZoDZVrG5LwA2i3YBACDxPaADIyJOAHOmCwAA\/9Sz\/CEYgJ0LgBgHBwLw8e1Y8fmPcXQoAFvHP8gR8gD80aqNIvsCQLDbv1W\/B5snABIPf5jxB+DtXVi9S3BZAIgz+ut3CK4LAEEGf9M5AXUBYPgXfjsuJuUJATkB\/DojqNRa23Xgd50TVBcAzl6\/PK+yAJAYwBxr\/AHIdlYwAPsOCw\/3fgGQ+PIPQPaPPwDJP\/4AfH\/4a8w3CoBvnjsc9oEZAKmHH4DvXPxDPy4H4IsvfpUldgD83+jX+H8rA+CzK3+G0Qfgs49+K0uSAHj4zK9MAGRfA\/SeggEAX60ECgDJHwTFXg4CkPxhIADJnwgCkPyxIADJ\/yoMQHICACT\/ahAAW9YCEwCpAfh1cHoAcS4CACRfCQCQfBoAYMcfjQHIDSDETnEAJBcAQPJZAIDkAoICmB71a4+g2yZBO3cJCnQvkHebuNs2Ye0ABwWAsd+A2vbNF4NvGmOn0PvFoM1ZlwEAvL8R2w0UAGJUesKnAQB8eDd6ujsBAP66CmyZCGYAIq0Fcl0CAPinmuoSAMCDaSDTjQAAhwjoACSfBSYAQtXTLAMBePy2pJkDAHhcy3IfAMBBl4ACQO5LQAUg961gByBYc45FAABH3QkCEKyaYxUIwFGLAACS3whWAIKV47uhABx1GwBAcgAdAAAAAACArItAAAAAIPNzAACCVQDIXQUgdw2A3HWPgj0GAMBNgL8GWgP6PoAlAABmAN8JdBPoW8F5LgCrd4rxu4DcF4Bhdwuc\/K8PWQH4adjPLtGffHzjht3iJgB+9h7tmWc5Z9omalgATySwYZMoG0S85ilNKycZf1vEvAbA9ZN3+GVg016hNol6FYDrTNAPvQzULcM\/8E6R4wO4vf2HTQUbd4se+MyAEAAOM1C3nhkwAfBiAG8G9r2asvnIiIFPDAgEYN+acKo7To2xW\/hZANwXhRsQlL7n+LCRz42KB+ANwYrpYKp95+FxIx8bFRPAu4L6BYPbmXEHnCA5AXBGAL8d9NZqLeX9\/NDpdn7o\/fRQx8dmAPD8JgBSA3BwZG4Ajo5NDmDw48MB2FlfAEgNYAIgNYDBJwAAkk8AAKS+AwAg+wIAgH2VBYDMAOoCQGYAbQEgM4AY4w9A8vEHIPP8D4DxB2DT85+yAJAYQI+0rQoA65d\/obbVASDx5R+A5Jd\/ALJ\/\/AFYefMXcFO9MV9SnS3+UgPY91tek\/\/4AK6VNhv+zABuM0H\/EQNzC7yh7uAvbapPXw\/2Gno\/5QDfaixPvA6E\/vAHAXB\/Fa0b\/cwA7heCQxHMwa\/88QC83Rkcsiy8Dn5ZshSP+VR27Pty21Ym1xkaUV\/tncEKB\/M3dhQCYEgI5b4fUJ9vfRjy66Df9w+6DXzek3OcGZQ8AAAQAAJAAAgAASAABIAAEAACQAAIAAEgAASAABAAAkAACAABIAAEgAAQAAJAAAgAASAABIAAEAACQAAIAAEgAASAABAAAkAACAABIAAEgAAQAAJAAAgAASAABIAAEAACQAAIAAEgAASAABAAAkAACAABIAAEgAAQAAJAAAgAASAABIAAEAACQAAIAAEAgAAQAAJAAAgAASAABIAAEAACQAAIAAEgAASAABAAAkAACAABIAAEgAAQAAJAAAgAASAABIAAEAACQAAIAAEgAASAABAAAkAACAABIAAEgAAQAAJAAAgAASAABIAAEAACQAf2nwADAGJRruEI+nFcAAAAAElFTkSuQmCC\" alt=\"image\"\/><\/span><\/span><span class=\"cptch_span\"><span class=\"cptch_img \"><img decoding=\"async\" src=\"data:image\/png;base64,iVBORw0KGgoAAAANSUhEUgAAAgAAAAIACAMAAADDpiTIAAAAGXRFWHRTb2Z0d2FyZQBBZG9iZSBJbWFnZVJlYWR5ccllPAAAABhQTFRF8vLy09PTrq6uiIiILi4uX19fAAAA\/\/\/\/kGXJUAAAAAh0Uk5T\/\/\/\/\/\/\/\/\/wDeg71ZAAAIcElEQVR42uzd23baOhRAUUuy8P\/\/8QHSdDQtOYkvBGvvud76VtDEkh2QpkWpm7wFAAgAASAABIAAEAACQAAIAAEgAASAABAAAkAACAABIAAEgAAQAAJAAAgAASAABIAAEAACQAAIAAEgAASAABAAAkAACAABIAAEgAAQAAJAAAgAASAABIAAEAACQAAIAAEgAASAABAAAkAACAABIAAEgAAQAAJAAAgAASAABIAAEAACQAAIAAEgAAQAAN4CAASAABAAAkAACAABIAAEgAAQAAJAAAgAASAABIAAEAACQAAIAAEgAASAABAAAkAACAABIAAEgAAQAAJAAAgAASAABIAAEAACQAAIAAEgAASAABAAAkAACAABIAD2vtRSa2u9z9cuf3T9Z++91VomAKKOfOsfB\/2z5iuEAkCose\/fGvm\/GNQJgPFfWm3rxz4dgqgvsuwZ\/N8IWgFgyI9+P2D03w1MAIw2+pdjm0PPBcFeWznus5\/kMhDplU3tGaP\/Vp8AOP2H\/\/LUgl4Foryq+uThD0sgxmuq8+UnmisAiYc\/5lJg\/BdUfm74I14ERgdQ+uWHC7YSGPvVTO3y880TAPkm\/w8CCgCn+K\/3y6sqALy+dnlhFYBX\/7\/ny0srALx29r+8ugLAK2\/+LhcCUl8B2usBBLkbHPRVvHoJcH8sDEDySaABkHsSCLEMGBbAGSaBGYDkk0AFIPkkMAGQexJoACSfBCYAck8CDYDck8DwzwPH\/v8XNwK5AZxgEugAJJ8EJgByTwIVgIEmgbm3VkuZ7pVy2zxo7++JOwBjTAJz+2wbsJ17yQBw\/kngOvhfvNAdW8oUAM49CXx3h4+tvzKoAJx4Eli1v8s2Ah2A004CfeXledNvTQA46SSwaWefmm0VGALAo0lg695eNdmjoBjfbS4H\/oy\/5roNCPJT53bIp3\/LoyUAzjcJ7NzCYfXfFyoAZ5oE9u\/gUQAYdxI4ZPOGDsCgk8BBWzgVAMacBA7bxG3dKqABcI5J4LjVeHMFyF0BIHkAJK8DAIAngYlr\/hiUu1V\/EVoASH0b4PsAyQH4RlByAA2A3GsA3wpODsDvAnID8Mug5M8B\/DYwYj3LGhCA3QDsDxCxPLuFArDzMUADIPca0C5hEZuz3AMA8PhNSbRdNAC7ZoDZVrG5LwA2i3YBACDxPaADIyJOAHOmCwAA\/9Sz\/CEYgJ0LgBgHBwLw8e1Y8fmPcXQoAFvHP8gR8gD80aqNIvsCQLDbv1W\/B5snABIPf5jxB+DtXVi9S3BZAIgz+ut3CK4LAEEGf9M5AXUBYPgXfjsuJuUJATkB\/DojqNRa23Xgd50TVBcAzl6\/PK+yAJAYwBxr\/AHIdlYwAPsOCw\/3fgGQ+PIPQPaPPwDJP\/4AfH\/4a8w3CoBvnjsc9oEZAKmHH4DvXPxDPy4H4IsvfpUldgD83+jX+H8rA+CzK3+G0Qfgs49+K0uSAHj4zK9MAGRfA\/SeggEAX60ECgDJHwTFXg4CkPxhIADJnwgCkPyxIADJ\/yoMQHICACT\/ahAAW9YCEwCpAfh1cHoAcS4CACRfCQCQfBoAYMcfjQHIDSDETnEAJBcAQPJZAIDkAoICmB71a4+g2yZBO3cJCnQvkHebuNs2Ye0ABwWAsd+A2vbNF4NvGmOn0PvFoM1ZlwEAvL8R2w0UAGJUesKnAQB8eDd6ujsBAP66CmyZCGYAIq0Fcl0CAPinmuoSAMCDaSDTjQAAhwjoACSfBSYAQtXTLAMBePy2pJkDAHhcy3IfAMBBl4ACQO5LQAUg961gByBYc45FAABH3QkCEKyaYxUIwFGLAACS3whWAIKV47uhABx1GwBAcgAdAAAAAACArItAAAAAIPNzAACCVQDIXQUgdw2A3HWPgj0GAMBNgL8GWgP6PoAlAABmAN8JdBPoW8F5LgCrd4rxu4DcF4Bhdwuc\/K8PWQH4adjPLtGffHzjht3iJgB+9h7tmWc5Z9omalgATySwYZMoG0S85ilNKycZf1vEvAbA9ZN3+GVg016hNol6FYDrTNAPvQzULcM\/8E6R4wO4vf2HTQUbd4se+MyAEAAOM1C3nhkwAfBiAG8G9r2asvnIiIFPDAgEYN+acKo7To2xW\/hZANwXhRsQlL7n+LCRz42KB+ANwYrpYKp95+FxIx8bFRPAu4L6BYPbmXEHnCA5AXBGAL8d9NZqLeX9\/NDpdn7o\/fRQx8dmAPD8JgBSA3BwZG4Ajo5NDmDw48MB2FlfAEgNYAIgNYDBJwAAkk8AAKS+AwAg+wIAgH2VBYDMAOoCQGYAbQEgM4AY4w9A8vEHIPP8D4DxB2DT85+yAJAYQI+0rQoA65d\/obbVASDx5R+A5Jd\/ALJ\/\/AFYefMXcFO9MV9SnS3+UgPY91tek\/\/4AK6VNhv+zABuM0H\/EQNzC7yh7uAvbapPXw\/2Gno\/5QDfaixPvA6E\/vAHAXB\/Fa0b\/cwA7heCQxHMwa\/88QC83Rkcsiy8Dn5ZshSP+VR27Pty21Ym1xkaUV\/tncEKB\/M3dhQCYEgI5b4fUJ9vfRjy66Df9w+6DXzek3OcGZQ8AAAQAAJAAAgAASAABIAAEAACQAAIAAEgAASAABAAAkAACAABIAAEgAAQAAJAAAgAASAABIAAEAACQAAIAAEgAASAABAAAkAACAABIAAEgAAQAAJAAAgAASAABIAAEAACQAAIAAEgAASAABAAAkAACAABIAAEgAAQAAJAAAgAASAABIAAEAACQAAIAAEAgAAQAAJAAAgAASAABIAAEAACQAAIAAEgAASAABAAAkAACAABIAAEgAAQAAJAAAgAASAABIAAEAACQAAIAAEgAASAABAAAkAACAABIAAEgAAQAAJAAAgAASAABIAAEAACQAf2nwADAGJRruEI+nFcAAAAAElFTkSuQmCC\" alt=\"image\"\/><\/span><\/span><\/span>\n\t\t\t\t<input id=\"cptch_input_18\" class=\"cptch_input \" type=\"text\" autocomplete=\"off\" name=\"cptch_number\" value=\"\" maxlength=\"5\" size=\"5\" aria-required=\"true\" required=\"required\" style=\"margin-bottom:0;font-size: 12px;max-width:100%;\" \/><input type=\"hidden\" name=\"cptch_form\" value=\"bws_contact\" \/>\n\t\t\t\t<\/label><span class=\"cptch_reload_button_wrap hide-if-no-js\">\n\t\t\t\t\t<noscript>\n\t\t\t\t\t\t<style type=\"text\/css\">\n\t\t\t\t\t\t\t.hide-if-no-js {\n\t\t\t\t\t\t\t\tdisplay: none !important;\n\t\t\t\t\t\t\t}\n\t\t\t\t\t\t<\/style>\n\t\t\t\t\t<\/noscript>\n\t\t\t\t\t<span class=\"cptch_reload_button dashicons dashicons-update\"><\/span>\n\t\t\t\t<\/span><\/span><\/div><\/div><\/div><div class=\"clear\"><\/div><div class=\"cntctfrm_submit_wrap\"><div id=\"cntctfrm_submit_first_column\" class=\"cntctfrm_column\"><div class=\"cntctfrm_input cntctfrm_input_submit\"><input type=\"hidden\" value=\"send\" name=\"cntctfrm_contact_action\">\n\t\t\t\t\t\t\t<input type=\"hidden\" value=\"default\" name=\"cntctfrm_language\">\n\t\t\t\t\t\t\t<input type=\"hidden\" value=\"1\" name=\"cntctfrm_form_submited\">\n\t\t\t\t\t\t\t<input type=\"hidden\" value=\"cntctfrm_options\" name=\"cntctfrm_options_name\">\n\t\t\t\t\t\t\t<input type=\"submit\" value=\"Envoyer\" class=\"cntctfrm_contact_submit\" \/>\n\t\t\t\t\t\t<\/div><\/div><div id=\"cntctfrm_submit_second_column\" class=\"cntctfrm_column\"><\/div><div class=\"clear\"><\/div>\n\t\t\t<\/div>\n\t\t\t<\/form>\n\n\n<p><\/p>\n","protected":false},"excerpt":{"rendered":"","protected":false},"author":2,"featured_media":0,"parent":0,"menu_order":0,"comment_status":"closed","ping_status":"closed","template":"","meta":{"footnotes":""},"class_list":["post-108","page","type-page","status-publish","hentry"],"_links":{"self":[{"href":"https:\/\/www.lecasteletdesmetamorphoses.fr\/index.php?rest_route=\/wp\/v2\/pages\/108","targetHints":{"allow":["GET"]}}],"collection":[{"href":"https:\/\/www.lecasteletdesmetamorphoses.fr\/index.php?rest_route=\/wp\/v2\/pages"}],"about":[{"href":"https:\/\/www.lecasteletdesmetamorphoses.fr\/index.php?rest_route=\/wp\/v2\/types\/page"}],"author":[{"embeddable":true,"href":"https:\/\/www.lecasteletdesmetamorphoses.fr\/index.php?rest_route=\/wp\/v2\/users\/2"}],"replies":[{"embeddable":true,"href":"https:\/\/www.lecasteletdesmetamorphoses.fr\/index.php?rest_route=%2Fwp%2Fv2%2Fcomments&post=108"}],"version-history":[{"count":7,"href":"https:\/\/www.lecasteletdesmetamorphoses.fr\/index.php?rest_route=\/wp\/v2\/pages\/108\/revisions"}],"predecessor-version":[{"id":924,"href":"https:\/\/www.lecasteletdesmetamorphoses.fr\/index.php?rest_route=\/wp\/v2\/pages\/108\/revisions\/924"}],"wp:attachment":[{"href":"https:\/\/www.lecasteletdesmetamorphoses.fr\/index.php?rest_route=%2Fwp%2Fv2%2Fmedia&parent=108"}],"curies":[{"name":"wp","href":"https:\/\/api.w.org\/{rel}","templated":true}]}}