{"id":369,"date":"2017-04-26T14:11:38","date_gmt":"2017-04-26T13:11:38","guid":{"rendered":"http:\/\/www.lecasteletdesmetamorphoses.fr\/?page_id=369"},"modified":"2018-04-20T21:03:48","modified_gmt":"2018-04-20T20:03:48","slug":"articles-de-presse","status":"publish","type":"page","link":"https:\/\/www.lecasteletdesmetamorphoses.fr\/?page_id=369","title":{"rendered":"Articles de presse"},"content":{"rendered":"<p>Anne R\u00e9by, conf\u00e9renci\u00e8re<\/p>\n<p><span style=\"color: #0000ff;\">La D\u00e9p\u00eache &#8211; <a style=\"color: #0000ff;\" href=\"https:\/\/www.lecasteletdesmetamorphoses.fr\/wp-content\/uploads\/2017\/04\/Anne-R\u00e9by-une-conf\u00e9renci\u00e8re-passionn\u00e9e...ssionnante-12_04_2018-ladepeche.fr_.pdf\">Anne R\u00e9by, une conf\u00e9renci\u00e8re passionn\u00e9e<\/a><\/span><\/p>\n<p>le 21\/04\/2017, lecture et vernissage de l&rsquo;exposition<strong> \u00ab\u00a0Esperem\u00a0\u00bb<\/strong><\/p>\n<p><span style=\"color: #0000ff;\"><a style=\"color: #0000ff;\" href=\"https:\/\/www.lecasteletdesmetamorphoses.fr\/wp-content\/uploads\/2017\/04\/La-Dep\u00eache-\u00abEsp\u00e9rem-\u00ab-une-\u00e9mouvante-exposition-de-photos.pdf\">La Dep\u00eache &#8211; \u00abEsp\u00e9rem \u00ab, une \u00e9mouvante exposition de photos<\/a><\/span><\/p>\n<p>le 17\/09\/2016, <strong>Journ\u00e9es du Patrimoine<\/strong><\/p>\n<p><span style=\"color: #0000ff;\"><a style=\"color: #0000ff;\" href=\"https:\/\/www.lecasteletdesmetamorphoses.fr\/wp-content\/uploads\/2017\/04\/La-Dep\u00eache-Le-Castelet-nous-fait-red\u00e9couvrir-la-ville.pdf\">La Dep\u00eache &#8211; Le Castelet nous fait red\u00e9couvrir la ville<\/a><\/span><\/p>\n<p>&nbsp;<\/p>\n","protected":false},"excerpt":{"rendered":"<p>Anne R\u00e9by, conf\u00e9renci\u00e8re La D\u00e9p\u00eache &#8211; Anne R\u00e9by, une conf\u00e9renci\u00e8re passionn\u00e9e le 21\/04\/2017, lecture et vernissage de l&rsquo;exposition \u00ab\u00a0Esperem\u00a0\u00bb La Dep\u00eache &#8211; \u00abEsp\u00e9rem \u00ab, une \u00e9mouvante exposition de photos le 17\/09\/2016, Journ\u00e9es du Patrimoine La Dep\u00eache &#8211; Le Castelet nous fait red\u00e9couvrir la ville &nbsp;<\/p>\n","protected":false},"author":2,"featured_media":0,"parent":0,"menu_order":0,"comment_status":"closed","ping_status":"closed","template":"","meta":{"footnotes":""},"class_list":["post-369","page","type-page","status-publish","hentry"],"_links":{"self":[{"href":"https:\/\/www.lecasteletdesmetamorphoses.fr\/index.php?rest_route=\/wp\/v2\/pages\/369","targetHints":{"allow":["GET"]}}],"collection":[{"href":"https:\/\/www.lecasteletdesmetamorphoses.fr\/index.php?rest_route=\/wp\/v2\/pages"}],"about":[{"href":"https:\/\/www.lecasteletdesmetamorphoses.fr\/index.php?rest_route=\/wp\/v2\/types\/page"}],"author":[{"embeddable":true,"href":"https:\/\/www.lecasteletdesmetamorphoses.fr\/index.php?rest_route=\/wp\/v2\/users\/2"}],"replies":[{"embeddable":true,"href":"https:\/\/www.lecasteletdesmetamorphoses.fr\/index.php?rest_route=%2Fwp%2Fv2%2Fcomments&post=369"}],"version-history":[{"count":6,"href":"https:\/\/www.lecasteletdesmetamorphoses.fr\/index.php?rest_route=\/wp\/v2\/pages\/369\/revisions"}],"predecessor-version":[{"id":958,"href":"https:\/\/www.lecasteletdesmetamorphoses.fr\/index.php?rest_route=\/wp\/v2\/pages\/369\/revisions\/958"}],"wp:attachment":[{"href":"https:\/\/www.lecasteletdesmetamorphoses.fr\/index.php?rest_route=%2Fwp%2Fv2%2Fmedia&parent=369"}],"curies":[{"name":"wp","href":"https:\/\/api.w.org\/{rel}","templated":true}]}}