{"id":62,"date":"2015-03-08T17:54:02","date_gmt":"2015-03-08T16:54:02","guid":{"rendered":"http:\/\/localhost\/wordpress\/?page_id=62"},"modified":"2025-11-11T12:12:23","modified_gmt":"2025-11-11T11:12:23","slug":"le-groupe-theatre","status":"publish","type":"page","link":"https:\/\/www.lecasteletdesmetamorphoses.fr\/?page_id=62","title":{"rendered":"Le groupe th\u00e9\u00e2tre"},"content":{"rendered":"\n<h2 class=\"wp-block-heading\">2025 :  Antigone<\/h2>\n\n\n\n<p>de Jean Anouilh<\/p>\n\n\n\n<hr class=\"wp-block-separator has-alpha-channel-opacity\"\/>\n\n\n\n<h2 class=\"wp-block-heading\">2024: Mus\u00e9e haut, mus\u00e9e bas<\/h2>\n\n\n\n<div class=\"wp-block-media-text has-media-on-the-right is-stacked-on-mobile\" style=\"grid-template-columns:auto 36%\"><div class=\"wp-block-media-text__content\">\n<p>texte de Jean-Michel Ribes<\/p>\n<\/div><figure class=\"wp-block-media-text__media\"><img loading=\"lazy\" decoding=\"async\" width=\"557\" height=\"776\" src=\"https:\/\/www.lecasteletdesmetamorphoses.fr\/wp-content\/uploads\/2024\/09\/Affiche-Musee.jpg\" alt=\"\" class=\"wp-image-1108 size-full\" srcset=\"https:\/\/www.lecasteletdesmetamorphoses.fr\/wp-content\/uploads\/2024\/09\/Affiche-Musee.jpg 557w, https:\/\/www.lecasteletdesmetamorphoses.fr\/wp-content\/uploads\/2024\/09\/Affiche-Musee-215x300.jpg 215w\" sizes=\"auto, (max-width: 557px) 100vw, 557px\" \/><\/figure><\/div>\n\n\n\n<hr class=\"wp-block-separator has-alpha-channel-opacity\"\/>\n\n\n\n<h2 class=\"wp-block-heading\">2023: La visite de la vieille dame<\/h2>\n\n\n\n<div class=\"wp-block-media-text is-stacked-on-mobile\" style=\"grid-template-columns:35% auto\"><figure class=\"wp-block-media-text__media\"><img loading=\"lazy\" decoding=\"async\" width=\"724\" height=\"1024\" src=\"https:\/\/www.lecasteletdesmetamorphoses.fr\/wp-content\/uploads\/2023\/10\/affichevisiteA4-724x1024.jpg\" alt=\"\" class=\"wp-image-1021 size-full\" srcset=\"https:\/\/www.lecasteletdesmetamorphoses.fr\/wp-content\/uploads\/2023\/10\/affichevisiteA4-724x1024.jpg 724w, https:\/\/www.lecasteletdesmetamorphoses.fr\/wp-content\/uploads\/2023\/10\/affichevisiteA4-212x300.jpg 212w, https:\/\/www.lecasteletdesmetamorphoses.fr\/wp-content\/uploads\/2023\/10\/affichevisiteA4-768x1086.jpg 768w, https:\/\/www.lecasteletdesmetamorphoses.fr\/wp-content\/uploads\/2023\/10\/affichevisiteA4-1086x1536.jpg 1086w, https:\/\/www.lecasteletdesmetamorphoses.fr\/wp-content\/uploads\/2023\/10\/affichevisiteA4-1448x2048.jpg 1448w, https:\/\/www.lecasteletdesmetamorphoses.fr\/wp-content\/uploads\/2023\/10\/affichevisiteA4-scaled.jpg 1810w\" sizes=\"auto, (max-width: 724px) 100vw, 724px\" \/><\/figure><div class=\"wp-block-media-text__content\">\n<p>D&rsquo;apr\u00e8s F. Durrenmatt<\/p>\n<\/div><\/div>\n\n\n\n<div style=\"height:21px\" aria-hidden=\"true\" class=\"wp-block-spacer\"><\/div>\n\n\n\n<hr class=\"wp-block-separator has-alpha-channel-opacity\"\/>\n\n\n\n<h2 class=\"wp-block-heading\">2022: D\u00e9shabillez-mots<\/h2>\n\n\n\n<div class=\"wp-block-media-text has-media-on-the-right is-stacked-on-mobile\" style=\"grid-template-columns:auto 38%\"><div class=\"wp-block-media-text__content\">\n<p>De L\u00e9onore Chaix et Flor Lurienne<\/p>\n<\/div><figure class=\"wp-block-media-text__media\"><img loading=\"lazy\" decoding=\"async\" width=\"724\" height=\"1024\" src=\"https:\/\/www.lecasteletdesmetamorphoses.fr\/wp-content\/uploads\/2022\/09\/deshabillezmots-imprimerie-724x1024.jpg\" alt=\"\" class=\"wp-image-918 size-full\" srcset=\"https:\/\/www.lecasteletdesmetamorphoses.fr\/wp-content\/uploads\/2022\/09\/deshabillezmots-imprimerie-724x1024.jpg 724w, https:\/\/www.lecasteletdesmetamorphoses.fr\/wp-content\/uploads\/2022\/09\/deshabillezmots-imprimerie-212x300.jpg 212w, https:\/\/www.lecasteletdesmetamorphoses.fr\/wp-content\/uploads\/2022\/09\/deshabillezmots-imprimerie-768x1086.jpg 768w, https:\/\/www.lecasteletdesmetamorphoses.fr\/wp-content\/uploads\/2022\/09\/deshabillezmots-imprimerie-1086x1536.jpg 1086w, https:\/\/www.lecasteletdesmetamorphoses.fr\/wp-content\/uploads\/2022\/09\/deshabillezmots-imprimerie-1448x2048.jpg 1448w, https:\/\/www.lecasteletdesmetamorphoses.fr\/wp-content\/uploads\/2022\/09\/deshabillezmots-imprimerie-scaled.jpg 1810w\" sizes=\"auto, (max-width: 724px) 100vw, 724px\" \/><\/figure><\/div>\n\n\n\n<hr class=\"wp-block-separator has-alpha-channel-opacity\"\/>\n\n\n\n<h2 class=\"wp-block-heading\">2020-2021: Le Recr\u00e9ateur<\/h2>\n\n\n\n<div class=\"wp-block-media-text is-stacked-on-mobile\" style=\"grid-template-columns:36% auto\"><figure class=\"wp-block-media-text__media\"><img loading=\"lazy\" decoding=\"async\" width=\"540\" height=\"655\" src=\"https:\/\/www.lecasteletdesmetamorphoses.fr\/wp-content\/uploads\/2020\/09\/RECREATEUR-copie.jpg\" alt=\"\" class=\"wp-image-715 size-full\" srcset=\"https:\/\/www.lecasteletdesmetamorphoses.fr\/wp-content\/uploads\/2020\/09\/RECREATEUR-copie.jpg 540w, https:\/\/www.lecasteletdesmetamorphoses.fr\/wp-content\/uploads\/2020\/09\/RECREATEUR-copie-247x300.jpg 247w\" sizes=\"auto, (max-width: 540px) 100vw, 540px\" \/><\/figure><div class=\"wp-block-media-text__content\">\n<p>de  R\u00e9mi Amy<\/p>\n<\/div><\/div>\n\n\n\n<hr class=\"wp-block-separator has-alpha-channel-opacity\"\/>\n\n\n\n<h2 class=\"wp-block-heading\">2019: Incendies<\/h2>\n\n\n\n<p>d&rsquo;apr\u00e8s Wadji Mouawad<\/p>\n\n\n<div class=\"wp-block-image\">\n<figure class=\"aligncenter size-large is-resized\"><a href=\"https:\/\/www.lecasteletdesmetamorphoses.fr\/wp-content\/uploads\/2019\/06\/feu-rond.jpg\"><img loading=\"lazy\" decoding=\"async\" width=\"1024\" height=\"724\" src=\"https:\/\/www.lecasteletdesmetamorphoses.fr\/wp-content\/uploads\/2019\/06\/feu-rond-1024x724.jpg\" alt=\"\" class=\"wp-image-597\" style=\"width:468px;height:auto\" srcset=\"https:\/\/www.lecasteletdesmetamorphoses.fr\/wp-content\/uploads\/2019\/06\/feu-rond-1024x724.jpg 1024w, https:\/\/www.lecasteletdesmetamorphoses.fr\/wp-content\/uploads\/2019\/06\/feu-rond-300x212.jpg 300w, https:\/\/www.lecasteletdesmetamorphoses.fr\/wp-content\/uploads\/2019\/06\/feu-rond-768x543.jpg 768w, https:\/\/www.lecasteletdesmetamorphoses.fr\/wp-content\/uploads\/2019\/06\/feu-rond.jpg 1754w\" sizes=\"auto, (max-width: 1024px) 100vw, 1024px\" \/><\/a><\/figure><\/div>\n\n\n<hr class=\"wp-block-separator has-alpha-channel-opacity\"\/>\n\n\n\n<h2 class=\"wp-block-heading\">2018: La partie est en danger<\/h2>\n\n\n\n<p>D&rsquo;apr\u00e8s Vincent Dheygre<\/p>\n\n\n\n<figure class=\"wp-block-gallery has-nested-images columns-default is-cropped wp-block-gallery-1 is-layout-flex wp-block-gallery-is-layout-flex\">\n<figure class=\"wp-block-image size-large\"><a href=\"https:\/\/www.lecasteletdesmetamorphoses.fr\/wp-content\/uploads\/2015\/03\/P1100414.jpg\"><img loading=\"lazy\" decoding=\"async\" width=\"1000\" height=\"750\" data-id=\"518\" src=\"https:\/\/www.lecasteletdesmetamorphoses.fr\/wp-content\/uploads\/2015\/03\/P1100414.jpg\" alt=\"\" class=\"wp-image-518\" srcset=\"https:\/\/www.lecasteletdesmetamorphoses.fr\/wp-content\/uploads\/2015\/03\/P1100414.jpg 1000w, https:\/\/www.lecasteletdesmetamorphoses.fr\/wp-content\/uploads\/2015\/03\/P1100414-300x225.jpg 300w, https:\/\/www.lecasteletdesmetamorphoses.fr\/wp-content\/uploads\/2015\/03\/P1100414-768x576.jpg 768w\" sizes=\"auto, (max-width: 1000px) 100vw, 1000px\" \/><\/a><\/figure>\n\n\n\n<figure class=\"wp-block-image size-large\"><a href=\"https:\/\/www.lecasteletdesmetamorphoses.fr\/wp-content\/uploads\/2015\/03\/P1100417.jpg\"><img loading=\"lazy\" decoding=\"async\" width=\"1000\" height=\"750\" data-id=\"519\" src=\"https:\/\/www.lecasteletdesmetamorphoses.fr\/wp-content\/uploads\/2015\/03\/P1100417.jpg\" alt=\"\" class=\"wp-image-519\" srcset=\"https:\/\/www.lecasteletdesmetamorphoses.fr\/wp-content\/uploads\/2015\/03\/P1100417.jpg 1000w, https:\/\/www.lecasteletdesmetamorphoses.fr\/wp-content\/uploads\/2015\/03\/P1100417-300x225.jpg 300w, https:\/\/www.lecasteletdesmetamorphoses.fr\/wp-content\/uploads\/2015\/03\/P1100417-768x576.jpg 768w\" sizes=\"auto, (max-width: 1000px) 100vw, 1000px\" \/><\/a><\/figure>\n\n\n\n<figure class=\"wp-block-image size-large\"><a href=\"https:\/\/www.lecasteletdesmetamorphoses.fr\/wp-content\/uploads\/2015\/03\/P1100442.jpg\"><img loading=\"lazy\" decoding=\"async\" width=\"1000\" height=\"750\" data-id=\"520\" src=\"https:\/\/www.lecasteletdesmetamorphoses.fr\/wp-content\/uploads\/2015\/03\/P1100442.jpg\" alt=\"\" class=\"wp-image-520\" srcset=\"https:\/\/www.lecasteletdesmetamorphoses.fr\/wp-content\/uploads\/2015\/03\/P1100442.jpg 1000w, https:\/\/www.lecasteletdesmetamorphoses.fr\/wp-content\/uploads\/2015\/03\/P1100442-300x225.jpg 300w, https:\/\/www.lecasteletdesmetamorphoses.fr\/wp-content\/uploads\/2015\/03\/P1100442-768x576.jpg 768w\" sizes=\"auto, (max-width: 1000px) 100vw, 1000px\" \/><\/a><\/figure>\n\n\n\n<figure class=\"wp-block-image size-large\"><a href=\"https:\/\/www.lecasteletdesmetamorphoses.fr\/wp-content\/uploads\/2015\/03\/P1100428.jpg\"><img loading=\"lazy\" decoding=\"async\" width=\"999\" height=\"676\" data-id=\"521\" src=\"https:\/\/www.lecasteletdesmetamorphoses.fr\/wp-content\/uploads\/2015\/03\/P1100428.jpg\" alt=\"\" class=\"wp-image-521\" srcset=\"https:\/\/www.lecasteletdesmetamorphoses.fr\/wp-content\/uploads\/2015\/03\/P1100428.jpg 999w, https:\/\/www.lecasteletdesmetamorphoses.fr\/wp-content\/uploads\/2015\/03\/P1100428-300x203.jpg 300w, https:\/\/www.lecasteletdesmetamorphoses.fr\/wp-content\/uploads\/2015\/03\/P1100428-768x520.jpg 768w\" sizes=\"auto, (max-width: 999px) 100vw, 999px\" \/><\/a><\/figure>\n\n\n\n<figure class=\"wp-block-image size-large\"><a href=\"https:\/\/www.lecasteletdesmetamorphoses.fr\/wp-content\/uploads\/2015\/03\/P1100446.jpg\"><img loading=\"lazy\" decoding=\"async\" width=\"1000\" height=\"750\" data-id=\"522\" src=\"https:\/\/www.lecasteletdesmetamorphoses.fr\/wp-content\/uploads\/2015\/03\/P1100446.jpg\" alt=\"\" class=\"wp-image-522\" srcset=\"https:\/\/www.lecasteletdesmetamorphoses.fr\/wp-content\/uploads\/2015\/03\/P1100446.jpg 1000w, https:\/\/www.lecasteletdesmetamorphoses.fr\/wp-content\/uploads\/2015\/03\/P1100446-300x225.jpg 300w, https:\/\/www.lecasteletdesmetamorphoses.fr\/wp-content\/uploads\/2015\/03\/P1100446-768x576.jpg 768w\" sizes=\"auto, (max-width: 1000px) 100vw, 1000px\" \/><\/a><\/figure>\n\n\n\n<figure class=\"wp-block-image size-large\"><a href=\"https:\/\/www.lecasteletdesmetamorphoses.fr\/wp-content\/uploads\/2015\/03\/P1100452.jpg\"><img loading=\"lazy\" decoding=\"async\" width=\"1000\" height=\"750\" data-id=\"523\" src=\"https:\/\/www.lecasteletdesmetamorphoses.fr\/wp-content\/uploads\/2015\/03\/P1100452.jpg\" alt=\"\" class=\"wp-image-523\" srcset=\"https:\/\/www.lecasteletdesmetamorphoses.fr\/wp-content\/uploads\/2015\/03\/P1100452.jpg 1000w, https:\/\/www.lecasteletdesmetamorphoses.fr\/wp-content\/uploads\/2015\/03\/P1100452-300x225.jpg 300w, https:\/\/www.lecasteletdesmetamorphoses.fr\/wp-content\/uploads\/2015\/03\/P1100452-768x576.jpg 768w\" sizes=\"auto, (max-width: 1000px) 100vw, 1000px\" \/><\/a><\/figure>\n<\/figure>\n\n\n\n<p>&nbsp; &nbsp; &nbsp;  &nbsp; &nbsp; &nbsp;  &nbsp; &nbsp; &nbsp;&nbsp;<\/p>\n\n\n\n<hr class=\"wp-block-separator has-alpha-channel-opacity\"\/>\n\n\n\n<h2 class=\"wp-block-heading\">2017 \/ Hamlet<\/h2>\n\n\n\n<div class=\"wp-block-media-text is-stacked-on-mobile\" style=\"grid-template-columns:32% auto\"><figure class=\"wp-block-media-text__media\"><img loading=\"lazy\" decoding=\"async\" width=\"724\" height=\"1024\" src=\"https:\/\/www.lecasteletdesmetamorphoses.fr\/wp-content\/uploads\/2015\/03\/hamlet-724x1024.jpg\" alt=\"\" class=\"wp-image-395 size-full\" srcset=\"https:\/\/www.lecasteletdesmetamorphoses.fr\/wp-content\/uploads\/2015\/03\/hamlet-724x1024.jpg 724w, https:\/\/www.lecasteletdesmetamorphoses.fr\/wp-content\/uploads\/2015\/03\/hamlet-212x300.jpg 212w, https:\/\/www.lecasteletdesmetamorphoses.fr\/wp-content\/uploads\/2015\/03\/hamlet-768x1086.jpg 768w\" sizes=\"auto, (max-width: 724px) 100vw, 724px\" \/><\/figure><div class=\"wp-block-media-text__content\">\n<p>d&rsquo;apr\u00e8s Shakespeare<\/p>\n<\/div><\/div>\n\n\n\n<hr class=\"wp-block-separator has-alpha-channel-opacity\"\/>\n\n\n\n<h2 class=\"wp-block-heading\">2016: Th\u00e9\u00e2tre en pi\u00e8ces d\u00e9tach\u00e9es<\/h2>\n\n\n\n<p>d&rsquo;apr\u00e8s \u00ab\u00a0Th\u00e9\u00e2tre sans animaux\u00a0\u00bb et \u00ab\u00a0Pi\u00e8ces d\u00e9tach\u00e9es\u00a0\u00bb de J.M. Ribes<\/p>\n\n\n\n<figure class=\"wp-block-gallery has-nested-images columns-default is-cropped wp-block-gallery-2 is-layout-flex wp-block-gallery-is-layout-flex\">\n<figure class=\"wp-block-image size-large\"><a href=\"https:\/\/www.lecasteletdesmetamorphoses.fr\/wp-content\/uploads\/2015\/03\/DSCF8583web.jpg\"><img loading=\"lazy\" decoding=\"async\" width=\"1024\" height=\"768\" data-id=\"284\" src=\"https:\/\/www.lecasteletdesmetamorphoses.fr\/wp-content\/uploads\/2015\/03\/DSCF8583web-1024x768.jpg\" alt=\"\" class=\"wp-image-284\" srcset=\"https:\/\/www.lecasteletdesmetamorphoses.fr\/wp-content\/uploads\/2015\/03\/DSCF8583web-1024x768.jpg 1024w, https:\/\/www.lecasteletdesmetamorphoses.fr\/wp-content\/uploads\/2015\/03\/DSCF8583web-300x225.jpg 300w, https:\/\/www.lecasteletdesmetamorphoses.fr\/wp-content\/uploads\/2015\/03\/DSCF8583web-768x576.jpg 768w, https:\/\/www.lecasteletdesmetamorphoses.fr\/wp-content\/uploads\/2015\/03\/DSCF8583web.jpg 1408w\" sizes=\"auto, (max-width: 1024px) 100vw, 1024px\" \/><\/a><\/figure>\n\n\n\n<figure class=\"wp-block-image size-large\"><a href=\"https:\/\/www.lecasteletdesmetamorphoses.fr\/wp-content\/uploads\/2015\/03\/DSCF8575web.jpg\"><img loading=\"lazy\" decoding=\"async\" width=\"1024\" height=\"768\" data-id=\"283\" src=\"https:\/\/www.lecasteletdesmetamorphoses.fr\/wp-content\/uploads\/2015\/03\/DSCF8575web-1024x768.jpg\" alt=\"\" class=\"wp-image-283\" srcset=\"https:\/\/www.lecasteletdesmetamorphoses.fr\/wp-content\/uploads\/2015\/03\/DSCF8575web-1024x768.jpg 1024w, https:\/\/www.lecasteletdesmetamorphoses.fr\/wp-content\/uploads\/2015\/03\/DSCF8575web-300x225.jpg 300w, https:\/\/www.lecasteletdesmetamorphoses.fr\/wp-content\/uploads\/2015\/03\/DSCF8575web-768x576.jpg 768w, https:\/\/www.lecasteletdesmetamorphoses.fr\/wp-content\/uploads\/2015\/03\/DSCF8575web.jpg 1408w\" sizes=\"auto, (max-width: 1024px) 100vw, 1024px\" \/><\/a><\/figure>\n<\/figure>\n\n\n\n<div style=\"height:33px\" aria-hidden=\"true\" class=\"wp-block-spacer\"><\/div>\n\n\n\n<hr class=\"wp-block-separator has-alpha-channel-opacity\"\/>\n\n\n\n<h2 class=\"wp-block-heading\"><span style=\"color: #333300;\">2015 :\u00a0\u00ab\u00a0On est morts. Pas de quoi en faire tout un plat\u00a0\u00bb<\/span><\/h2>\n\n\n\n<p>Une cr\u00e9ation d&rsquo;apr\u00e8s \u00ab\u00a0La mastication des morts\u00a0\u00bb de P. Kermann<\/p>\n\n\n<div class=\"wp-block-image\">\n<figure class=\"aligncenter size-large is-resized\"><a href=\"https:\/\/www.lecasteletdesmetamorphoses.fr\/wp-content\/uploads\/2015\/03\/Extrait-de-LA-DEPECHE-DU-MIDI.jpg\"><img loading=\"lazy\" decoding=\"async\" width=\"724\" height=\"1024\" src=\"https:\/\/www.lecasteletdesmetamorphoses.fr\/wp-content\/uploads\/2015\/03\/Extrait-de-LA-DEPECHE-DU-MIDI-724x1024.jpg\" alt=\"\" class=\"wp-image-148\" style=\"width:390px;height:auto\" srcset=\"https:\/\/www.lecasteletdesmetamorphoses.fr\/wp-content\/uploads\/2015\/03\/Extrait-de-LA-DEPECHE-DU-MIDI-724x1024.jpg 724w, https:\/\/www.lecasteletdesmetamorphoses.fr\/wp-content\/uploads\/2015\/03\/Extrait-de-LA-DEPECHE-DU-MIDI-212x300.jpg 212w, https:\/\/www.lecasteletdesmetamorphoses.fr\/wp-content\/uploads\/2015\/03\/Extrait-de-LA-DEPECHE-DU-MIDI.jpg 1240w\" sizes=\"auto, (max-width: 724px) 100vw, 724px\" \/><\/a><\/figure><\/div>\n\n\n<hr class=\"wp-block-separator has-alpha-channel-opacity\"\/>\n\n\n\n<h2 class=\"wp-block-heading\">2014: Couples ouverts<\/h2>\n\n\n\n<p>de Dario Fo et Franca Rame<\/p>\n\n\n<div class=\"wp-block-image\">\n<figure class=\"aligncenter is-resized\"><a href=\"https:\/\/www.lecasteletdesmetamorphoses.fr\/wp-content\/uploads\/2015\/03\/couples-ouverts.jpg\"><img loading=\"lazy\" decoding=\"async\" width=\"1024\" height=\"810\" src=\"https:\/\/www.lecasteletdesmetamorphoses.fr\/wp-content\/uploads\/2015\/03\/couples-ouverts-1024x810.jpg\" alt=\"couples ouverts\" class=\"wp-image-75\" style=\"width:404px;height:auto\" srcset=\"https:\/\/www.lecasteletdesmetamorphoses.fr\/wp-content\/uploads\/2015\/03\/couples-ouverts-1024x810.jpg 1024w, https:\/\/www.lecasteletdesmetamorphoses.fr\/wp-content\/uploads\/2015\/03\/couples-ouverts-300x237.jpg 300w\" sizes=\"auto, (max-width: 1024px) 100vw, 1024px\" \/><\/a><\/figure><\/div>\n\n\n<hr class=\"wp-block-separator has-alpha-channel-opacity\"\/>\n\n\n\n<h2 class=\"wp-block-heading\">2013: Flexible, hop,hop<\/h2>\n\n\n\n<p>de E. Darley<\/p>\n\n\n\n<figure class=\"wp-block-image size-large is-resized\"><a href=\"https:\/\/www.lecasteletdesmetamorphoses.fr\/wp-content\/uploads\/2015\/03\/flexible-hop-hop-.jpg\"><img loading=\"lazy\" decoding=\"async\" width=\"1024\" height=\"683\" src=\"https:\/\/www.lecasteletdesmetamorphoses.fr\/wp-content\/uploads\/2015\/03\/flexible-hop-hop--1024x683.jpg\" alt=\"\" class=\"wp-image-77\" style=\"width:424px;height:auto\" srcset=\"https:\/\/www.lecasteletdesmetamorphoses.fr\/wp-content\/uploads\/2015\/03\/flexible-hop-hop--1024x683.jpg 1024w, https:\/\/www.lecasteletdesmetamorphoses.fr\/wp-content\/uploads\/2015\/03\/flexible-hop-hop--300x200.jpg 300w\" sizes=\"auto, (max-width: 1024px) 100vw, 1024px\" \/><\/a><\/figure>\n\n\n\n<hr class=\"wp-block-separator has-alpha-channel-opacity\"\/>\n\n\n\n<h2 class=\"wp-block-heading\">\u00a02012: Nous ne\u00a0demandons pas la lune&#8230;<\/h2>\n\n\n\n<p>d&rsquo;apr\u00e8s \u00ab\u00a0Libert\u00e9 \u00e0 Br\u00eame\u00a0\u00bb de R.W. Fassbinder et \u00ab\u00a0King Kong theory\u00a0\u00bb de V. Despentes<\/p>\n\n\n\n<figure class=\"wp-block-image size-large is-resized\"><a href=\"https:\/\/www.lecasteletdesmetamorphoses.fr\/wp-content\/uploads\/2015\/03\/nous-ne-demandons-pas-la-lune-1.jpg\"><img loading=\"lazy\" decoding=\"async\" width=\"1024\" height=\"683\" src=\"https:\/\/www.lecasteletdesmetamorphoses.fr\/wp-content\/uploads\/2015\/03\/nous-ne-demandons-pas-la-lune-1-1024x683.jpg\" alt=\"\" class=\"wp-image-80\" style=\"width:463px;height:auto\" srcset=\"https:\/\/www.lecasteletdesmetamorphoses.fr\/wp-content\/uploads\/2015\/03\/nous-ne-demandons-pas-la-lune-1-1024x683.jpg 1024w, https:\/\/www.lecasteletdesmetamorphoses.fr\/wp-content\/uploads\/2015\/03\/nous-ne-demandons-pas-la-lune-1-300x200.jpg 300w\" sizes=\"auto, (max-width: 1024px) 100vw, 1024px\" \/><\/a><\/figure>\n\n\n\n<hr class=\"wp-block-separator has-alpha-channel-opacity\"\/>\n\n\n\n<h2 class=\"wp-block-heading\">2011: Paris Varie<\/h2>\n\n\n\n<p>de Boris Vian<\/p>\n\n\n<div class=\"wp-block-image\">\n<figure class=\"aligncenter is-resized\"><a href=\"https:\/\/www.lecasteletdesmetamorphoses.fr\/wp-content\/uploads\/2015\/03\/paris-varie-2011.jpg\"><img loading=\"lazy\" decoding=\"async\" width=\"1024\" height=\"683\" src=\"https:\/\/www.lecasteletdesmetamorphoses.fr\/wp-content\/uploads\/2015\/03\/paris-varie-2011-1024x683.jpg\" alt=\"paris varie 2011\" class=\"wp-image-78\" style=\"width:394px;height:auto\" srcset=\"https:\/\/www.lecasteletdesmetamorphoses.fr\/wp-content\/uploads\/2015\/03\/paris-varie-2011-1024x683.jpg 1024w, https:\/\/www.lecasteletdesmetamorphoses.fr\/wp-content\/uploads\/2015\/03\/paris-varie-2011-300x200.jpg 300w\" sizes=\"auto, (max-width: 1024px) 100vw, 1024px\" \/><\/a><\/figure><\/div>\n\n\n<p>&nbsp; &nbsp; &nbsp;<\/p>\n","protected":false},"excerpt":{"rendered":"<p>2025 : Antigone de Jean Anouilh 2024: Mus\u00e9e haut, mus\u00e9e bas texte de Jean-Michel Ribes 2023: La visite de la vieille dame D&rsquo;apr\u00e8s F. Durrenmatt 2022: D\u00e9shabillez-mots De L\u00e9onore Chaix et Flor Lurienne 2020-2021: Le Recr\u00e9ateur de R\u00e9mi Amy 2019: Incendies d&rsquo;apr\u00e8s Wadji Mouawad 2018: La partie est en danger D&rsquo;apr\u00e8s Vincent Dheygre &nbsp; &nbsp; [&hellip;]<\/p>\n","protected":false},"author":1,"featured_media":0,"parent":0,"menu_order":0,"comment_status":"closed","ping_status":"closed","template":"","meta":{"footnotes":""},"class_list":["post-62","page","type-page","status-publish","hentry"],"_links":{"self":[{"href":"https:\/\/www.lecasteletdesmetamorphoses.fr\/index.php?rest_route=\/wp\/v2\/pages\/62","targetHints":{"allow":["GET"]}}],"collection":[{"href":"https:\/\/www.lecasteletdesmetamorphoses.fr\/index.php?rest_route=\/wp\/v2\/pages"}],"about":[{"href":"https:\/\/www.lecasteletdesmetamorphoses.fr\/index.php?rest_route=\/wp\/v2\/types\/page"}],"author":[{"embeddable":true,"href":"https:\/\/www.lecasteletdesmetamorphoses.fr\/index.php?rest_route=\/wp\/v2\/users\/1"}],"replies":[{"embeddable":true,"href":"https:\/\/www.lecasteletdesmetamorphoses.fr\/index.php?rest_route=%2Fwp%2Fv2%2Fcomments&post=62"}],"version-history":[{"count":45,"href":"https:\/\/www.lecasteletdesmetamorphoses.fr\/index.php?rest_route=\/wp\/v2\/pages\/62\/revisions"}],"predecessor-version":[{"id":1265,"href":"https:\/\/www.lecasteletdesmetamorphoses.fr\/index.php?rest_route=\/wp\/v2\/pages\/62\/revisions\/1265"}],"wp:attachment":[{"href":"https:\/\/www.lecasteletdesmetamorphoses.fr\/index.php?rest_route=%2Fwp%2Fv2%2Fmedia&parent=62"}],"curies":[{"name":"wp","href":"https:\/\/api.w.org\/{rel}","templated":true}]}}