{"id":65,"date":"2015-03-08T17:55:58","date_gmt":"2015-03-08T16:55:58","guid":{"rendered":"http:\/\/localhost\/wordpress\/?page_id=65"},"modified":"2022-06-26T18:22:20","modified_gmt":"2022-06-26T17:22:20","slug":"le-castelet-administratif","status":"publish","type":"page","link":"https:\/\/www.lecasteletdesmetamorphoses.fr\/?page_id=65","title":{"rendered":"La vie de l&rsquo;association"},"content":{"rendered":"<p><strong>LE CASTELET THEATRE DES METAMORPHOSES<\/strong><\/p>\n<p><em>Association loi 1901, d\u00e9clar\u00e9e \u00e0 la Pr\u00e9fecture de Carcassonne le 12\/06\/1989<strong>\u00a0<\/strong><\/em><\/p>\n<p><strong>Adresse courrier<\/strong>: Maison des Associations, Avenue de Lattre de Tassigny,<\/p>\n<p style=\"text-align: center;\">11400 \u00a0 \u00a0CASTELNAUDARY<\/p>\n<p><strong>N\u00b0 SIRET<\/strong> : 533 187 280 00010<\/p>\n<hr \/>\n<h6>COMPTE RENDU ASSEMBLEE GENERALE du 30 Mars 2022<\/h6>\n<h6>Rapport moral et d\u2019activit\u00e9s:<br \/>\nSi l\u2019ann\u00e9e 2022, conna\u00eet une actualit\u00e9 bien inqui\u00e9tante, l&rsquo;ann\u00e9e 2021 a \u00e9t\u00e9 bien morose avec le virus du Covid et le calendrier des manifestations du Castelet en a \u00e9t\u00e9 bien affect\u00e9. Quand elles n&rsquo;ont pas \u00e9t\u00e9 report\u00e9es, nous avons du renoncer aux ap\u00e9ros qui les accompagnaient, c&rsquo;\u00e9tait bien dommage, car c&rsquo;est malgr\u00e9 tout notre marque de fabrique et une partie bien agr\u00e9able de nos rencontres. Nous avons toutefois essay\u00e9 de maintenir le contact en proposant des visioconf\u00e9rences, dont une gratuite en janvier sur \u00ab\u00a0la miniature ottomane\u00a0\u00bb. Mais nous sommes bien forc\u00e9 de constater que la fr\u00e9quentation a \u00e9t\u00e9 beaucoup plus faible que de coutume.<br \/>\nPour terminer, je ne vous apprendrai rien en disant que cette situation sanitaire, avec ses pauses obligatoires, ses contraintes ont fortement impact\u00e9 tout le monde.<\/h6>\n<h6>Esp\u00e9rons que nous n&rsquo;aurons pas pris l&rsquo;habitude de rester chez nous, que l&rsquo;envie de faire des d\u00e9couvertes, des rencontres, de partager des moments conviviaux, des \u00e9motions, est toujours l\u00e0, m\u00eame s&rsquo;il faut se motiver, se pousser parfois, il faut bien le reconna\u00eetre.<\/h6>\n<h6>Vote: Pour \u00e0 l\u2019unanimit\u00e9<br \/>\nRapport financier: pr\u00e9sent\u00e9 par Nicole, notre tr\u00e9sori\u00e8re.<br \/>\nVote: Pour \u00e0 l\u2019unanimit\u00e9<br \/>\nRenouvellement des membres:<br \/>\nLes membres sont \u00e9lus pour 2 ans par moiti\u00e9 (ou presque puisque nous sommes 9). Cette ann\u00e9e, c\u2019est au tour de Florence Besan\u00e7on, Paul Guilhem, Marie-Paule Labitte, Nicole Polino et moi-m\u00eame, Brigitte P\u00e9ret. Sauf Paul Guilhem qui ne se repr\u00e9sente pas ils sont r\u00e9\u00e9lus.<\/h6>\n<h6>COMPTE RENDU ASSEMBLEE GENERALE du 4 F\u00e9vrier 2020<\/h6>\n<h6>Rapport moral et d\u2019activit\u00e9s:<br \/>\nDurant l\u2019ann\u00e9e 2019, nous avons continu\u00e9 sur le m\u00eame rythme que les ann\u00e9es pr\u00e9c\u00e9dentes,c\u2019est-\u00e0-dire, une ou deux manifestations par mois, sauf pendant les vacances scolaires. Nous essayons de varier les th\u00e8mes et dans la mesure du possible, de choisir des intervenants proches, de la \u00ab r\u00e9gion \u00e9largie \u00bb.<br \/>\nNous avons donc eu: des ap\u00e9ro-musique,\u00a0 des ap\u00e9ro-conf\u00e9rence, un ap\u00e9ro-rencontre avec des viticulteurs de la r\u00e9gion de Perpignan, un ap\u00e9ro-cin\u00e9ma-concert.<\/h6>\n<h6>Les conf\u00e9rences d\u2019histoire de l\u2019art: c\u2019est toujours avec grand plaisir que nous \u00e9coutons Anne R\u00e9by. Elle a termin\u00e9 le cycle \u00ab Occitanie: toute une histoire, tout un art \u00bb et en octobre, elle a repris des conf\u00e9rences sur des th\u00e8mes ou artistes particuliers, souvent en liaison avec les grandes expositions. Nous avons d\u00e9j\u00e0 eu Rembrandt, L\u00e9onard de Vinci, Toulouse-Lautrec pour finir l\u2019ann\u00e9e 2019.<\/h6>\n<h6>J\u2019ai gard\u00e9 le meilleur pour la fin, je veux parler du groupe th\u00e9\u00e2tre du Castelet, toujours sous la houlette de Marco Vignole-Brunet. Cette ann\u00e9e, ils nous ont pr\u00e9sent\u00e9 \u00ab Incendies \u00bb d\u2019apr\u00e8s Wadji Mouawad au th\u00e9\u00e2tre des Trois Ponts apr\u00e8s avoir tourn\u00e9 dans quelques villages, et ont eu beaucoup de succ\u00e8s: 177 entr\u00e9es, leur record est battu!<br \/>\nNous attendons avec impatience la suivante.<br \/>\nLe Castelet appr\u00e9cie de travailler en partenariat:<br \/>\n-avec le Cin\u00e9-Clap et le V\u00e9o-cin\u00e9ma pour l\u2019ap\u00e9ro-cin\u00e9ma. Cette ann\u00e9e, nous avons eu l\u2019opportunit\u00e9 d\u2019ajouter un concert avant le film sur le reggae gr\u00e2ce \u00e0 Vincent.<br \/>\n-avec le Coll\u00e8ge Blaise d\u2019Auriol pour l\u2019exposition \u00ab Incroyable mais vrai? \u00bb \u00e0 la galerie Paul Sibra sur l\u2019art contemporain \u00e0 laquelle ont particip\u00e9 beaucoup de scolaires.<\/h6>\n<h6>Nous avons chang\u00e9 le syst\u00e8me d\u2019adh\u00e9sion: il est maintenant individuel, ce qui est plus simple pour nous. Nous avons cette ann\u00e9e pour la saison 2019\/2020: 109 adh\u00e9rents.<\/h6>\n<h6>Vote: Pour \u00e0 l\u2019unanimit\u00e9<br \/>\nRapport financier: pr\u00e9sent\u00e9 par Nicole, notre tr\u00e9sori\u00e8re.<br \/>\nVote: Pour \u00e0 l\u2019unanimit\u00e9<br \/>\nRenouvellement des membres:<br \/>\nLes membres sont \u00e9lus pour 2 ans par moiti\u00e9 (ou presque puisque nous sommes 9). Cette ann\u00e9e, c\u2019est au tour de Florence Besan\u00e7on, Paul Guilhem, Marie-Paule Labitte, Nicole Polino et moi-m\u00eame, Brigitte P\u00e9ret. Ils se repr\u00e9sentent et sont r\u00e9\u00e9lus.<\/h6>\n<h6>Merci \u00e0 la municipalit\u00e9 et son personnel (MDA et autres services) qui sont toujours \u00e0 notre \u00e9coute. Et merci enfin aux participants, adh\u00e9rents ou non, qui nous suivent et qui, majoritairement, pensent \u00e0 r\u00e9server pour les ap\u00e9ros.<br \/>\nRemarque: Le Castelet fait des efforts pour la plan\u00e8te: nous utilisons des couverts r\u00e9utilisables et des verres en verre.<\/h6>\n<h6>Questions diverses:<br \/>\n&#8211; A-t-on des nouvelles des travaux de l\u2019ancien lyc\u00e9e Andr\u00e9ossy?<br \/>\nLe dossier avance et a \u00e9t\u00e9 trait\u00e9 en Conseil municipal. A suivre. (r\u00e9ponse de la repr\u00e9sentante de la Mairie)<br \/>\n&#8211; Il existait un Comit\u00e9 de coordination des Associations culturelles sur la ville, tomb\u00e9 faute de combattants. Mich\u00e8le Fontecave et Virginie Perrussel proposent de le relancer. Le Castelet est tout \u00e0 fait d\u2019accord pour y r\u00e9fl\u00e9chir.<br \/>\n&#8211; Le syst\u00e8me pour annoncer nos manifestations \u00e0 la mairie pour qu\u2019elles apparaissent dans les agendas est compliqu\u00e9: nous devons remplir 2 sortes de fiches, une pour le service culturel aux Trois Ponts, une autre pour la MDA. Il y a \u00e9galement l\u2019Office de Tourisme. Serait-il possible de le simplifier ce syst\u00e8me, de n\u2019avoir qu\u2019une fiche, qu\u2019un organisme ou qu\u2019une personne qui g\u00e8re les informations?<br \/>\nLa question a \u00e9t\u00e9 abord\u00e9e en Mairie et fait partie des questions \u00e0 traiter. (r\u00e9ponse de la<br \/>\nrepr\u00e9sentante de la Mairie).<\/h6>\n<hr \/>\n<h6>COMPTE RENDU ASSEMBLEE GENERALE du 1er F\u00e9vrier 2019<\/h6>\n<p><strong>-Bilan moral et d\u2019activit\u00e9s :<\/strong><\/p>\n<h6>Le groupe th\u00e9\u00e2tre a pr\u00e9sent\u00e9 une nouvelle pi\u00e8ce \u00ab\u00a0La partie est en danger\u00a0\u00bb, d&rsquo;apr\u00e8s une pi\u00e8ce de de Vincent Dheygre, dans une mise en sc\u00e8ne de Marco Vignole-Brunet. Avec 5 repr\u00e9sentations dans les villages environnants, le point fort a \u00e9t\u00e9 \u00e0 Castelnaudary avec la pr\u00e9sence de l&rsquo;auteur au Th\u00e9\u00e2tre des Tois Ponts, venu sp\u00e9cialement de Paris, ce qui est un formidable encouragement pour nos artistes amateurs.<\/h6>\n<h6>Nous avons pr\u00e9sent\u00e9 7 ap\u00e9ros: musique (2), conf\u00e9rences (3), cin\u00e9ma (2), d\u00e9couverte sur les vins de la r\u00e9gion. La conf\u00e9renci\u00e8re Anne R\u00e9by a poursuivi son cycle de conf\u00e9rences sur l&rsquo;art en Occitanie. Nous avons \u00e9galement particip\u00e9 \u00e0 la semaine \u00ab\u00a0Fruits et L\u00e9gumes\u00a0\u00bb organis\u00e9e par la Mairie avec une \u00ab\u00a0atelier vitamin\u00e9\u00a0\u00bb.<\/h6>\n<h6>Petite statistique sur la fr\u00e9quentation de nos activit\u00e9s:<\/h6>\n<h6>-ap\u00e9ros: 314 p. en 2017; 245 p. en 2018.<\/h6>\n<h6>-conf\u00e9rences Anne R\u00e9by: 185 en 2017, 217 en 2018;<\/h6>\n<h6>-th\u00e9\u00e2tre: 225 en 2017; 315 en 2018.<\/h6>\n<h6>-adh\u00e9sions: 81 pour la saison 17\/18; 72 pour la saison 2018\/2019 (chiffre provisoire).<\/h6>\n<h6>Remarque sur la demande de local (r\u00e9currente depuis des ann\u00e9es): la municipalit\u00e9 ayant \u00ab\u00a0r\u00e9cup\u00e9r\u00e9\u00a0\u00bb les b\u00e2timents du Lyc\u00e9e Andr\u00e9ossy, a demand\u00e9 aux associations leurs besoins. Nous avons profit\u00e9 de cette opportunit\u00e9 pour demander s&rsquo;il serait possible d&rsquo;envisager une salle de r\u00e9p\u00e9titions, \u00e0 partager avec d&rsquo;autres associations bien \u00e9videmment, qui pourrait aussi \u00eatre une petite salle de spectacle.<\/h6>\n<h6>Vote: pour \u00e0 l&rsquo;unanimit\u00e9.<\/h6>\n<h6><strong>-Bilan financier:<\/strong><\/h6>\n<h6>Vote: pour \u00e0 l\u2019unanimit\u00e9.<\/h6>\n<h6>-Renouvellement des membres: Dani\u00e8le B\u00e9ziat, Vincente Catala, Aline Gaubert, Isabelle Gauzente se repr\u00e9sentent et son r\u00e9\u00e9lues \u00e0 l&rsquo;unanimit\u00e9 \u00e0 leur poste respectif. Aline d\u00e9clare laisser sa place de tr\u00e9sori\u00e8re-adjointe, \u00e0 pourvoir dans une prochaine r\u00e9union du CA.<\/h6>\n<hr \/>\n<h6>COMPTE RENDU ASSEMBLEE GENERALE du 14 Mars 2018<\/h6>\n<p><strong>-Bilan moral et d\u2019activit\u00e9s :<\/strong><\/p>\n<h6>Nous avons propos\u00e9 6 ap\u00e9ros, entre conf\u00e9rences, contes, musique et un ap\u00e9ro-cin\u00e9ma en partenariat avec le cin\u00e9ma La Halle aux grains, pendant le mois du documentaire.<\/h6>\n<h6>Nous avons organis\u00e9 les \u00ab\u00a0Journ\u00e9es Gitanes\u00a0\u00bb du 18 avril au 5 mai, avec exposition photos \u00ab\u00a0Esperem\u00a0\u00bb, lectures de textes, conf\u00e9rence et pour finir concert avec Michel Soul\u00e8s.<\/h6>\n<h6>Les conf\u00e9rences d&rsquo;Anne R\u00e9by ont suivi la chronologie depuis la pr\u00e9histoire jusqu&rsquo;au moyen-\u00e2ge sur l&rsquo;art en Occitanie, suivies par un public fid\u00e8le (total de 185 personnes).<\/h6>\n<h6>Le groupe th\u00e9\u00e2tre s&rsquo;est lanc\u00e9 le d\u00e9fi de jouer Hamlet de Shakespeare, avec 5 repr\u00e9sentations.<\/h6>\n<h6>Nous avons essay\u00e9 de varier les propositions autant sur les th\u00e8mes que sur la forme en gardant comme guide l&rsquo;ouverture d&rsquo;esprit et la qualit\u00e9. Nous appr\u00e9cions toujours de collaborer avec d&rsquo;autres associations \u00ab\u00a0A vue d&rsquo;oeil\u00a0\u00bb et le \u00ab\u00a0graph\u00a0\u00bb pour les Journ\u00e9es Gitanes, le Cin\u00e9-clap et le cin\u00e9ma La Halle aux grains pour l&rsquo;ap\u00e9ro-cin\u00e9ma, comme nous appr\u00e9cions la disponibilit\u00e9 et l&rsquo;aide des services municipaux et le soutien de la municipalit\u00e9.<\/h6>\n<h6>Un regret: il est difficile d&rsquo;utiliser le forum des Trois Ponts, ou m\u00eame la grande salle pour un spectacle plus important comme nous le faisions auparavant vu son taux d&rsquo;occupation, ce qui est un signe de vitalit\u00e9 des lieux. Il est vrai que nous manquons d&rsquo;une petite salle de spectacle.<\/h6>\n<h6>Vote: pour \u00e0 l&rsquo;unanimit\u00e9.<\/h6>\n<h6><strong>-Bilan financier:<\/strong><\/h6>\n<p><strong>Vote: pour \u00e0 l\u2019unanimit\u00e9.<\/strong><\/p>\n<h6>CA et Bureau sont inchang\u00e9s.<\/h6>\n<hr \/>\n<p><strong>COMPTE RENDU\u00a0 ASSEMBLEE\u00a0\u00a0\u00a0 GENERALE\u00a0\u00a0 du \u00a02<\/strong><strong>\u00a0F\u00e9vrier 2017<\/strong><\/p>\n<p><strong>-Bilan moral et d\u2019activit\u00e9s :<\/strong><\/p>\n<h6>Les rendez-vous les plus nombreux, et marque de fabrique du Castelet, sont les ap\u00e9ros-spectacles, qui se succ\u00e8dent et ne se ressemblent pas: conf\u00e9rences (tradition des jardins persans, comprendre les drames au Moyen-Orient); th\u00e9\u00e2tre (le voyage d&rsquo;Antonio Machado), musique et chansons (l&rsquo;Invit\u00e9 de trop, groupe \u00ab\u00a0Blue Bossa\u00a0\u00bb); cin\u00e9ma (film documentaire \u00ab\u00a0la sociale\u00a0\u00bb, en partenariat avec le cin\u00e9-clap et le cin\u00e9ma La Halle aux grains).<\/h6>\n<h6>Nous avons eu une visite de la partie ancienne de Castelnaudary, avec M.R. Viala; le groupe th\u00e9\u00e2tre nous a propos\u00e9 une nouvelle pi\u00e8ce \u00ab\u00a0Th\u00e9\u00e2tre en pi\u00e8ces d\u00e9tach\u00e9es\u00a0\u00bbd&rsquo;apr\u00e8s J.M. Ribes. Nous avons essay\u00e9 d&rsquo;innover avec une sortie en co-voiturage dans les Corbi\u00e8res, pour suivre le sentier Joseph Delteil; avec un rallye-patrimoine pendant les Journ\u00e9es du Patrimoine \u00e0 Castelnaudary. La participation \u00e0 ces propositions a \u00e9t\u00e9 relativement faible. Par contre, la s\u00e9rie de conf\u00e9rences sur l&rsquo;Histoire de l&rsquo;Art en collaboration avec Anne R\u00e9by semble avoir beaucoup de succ\u00e8s et ravir les participants.<\/h6>\n<h6>Nous avons repris une formule laiss\u00e9e de c\u00f4t\u00e9 quelques temps: la soir\u00e9e de rentr\u00e9e \u00ab\u00a0sc\u00e8ne ouverte et repas\u00a0partag\u00e9 qui a eu un franc succ\u00e8s. Nous y invitons les autres associations de la ville qui proposent un temps de spectacle chant\u00e9, dans\u00e9 ou cont\u00e9, pour le plaisir de tous. Nous avons pu y appr\u00e9cier les talents de cuisinier des participants \u00e0 travers les nombreux plats vari\u00e9s qu&rsquo;ils ont apport\u00e9s.<\/h6>\n<h6>Cette ouverture sur les artistes locaux, sur les autres associations de la ville, nous tient \u00e0 coeur et fait partie des objectifs du Castelet.<\/h6>\n<h6>Merci \u00e0 tous ceux qui nous font confiance et nous suivent, leur soutien nous est pr\u00e9cieux et indispensable pour continuer.<\/h6>\n<h6>Merci aussi \u00e0 la municipalit\u00e9 et aux personnels de la MDA et du Th\u00e9\u00e2tre des Trois Ponts pour leur soutien et leur aide, au Lyc\u00e9e Jean Durand qui accueille le groupe th\u00e9\u00e2tre. Merci enfin \u00e0 Florence qui fait nos affiches.<\/h6>\n<p><strong>Vote:\u00a0 pour \u00e0 l\u2019unanimit\u00e9.<\/strong><\/p>\n<p><strong>Bilan financier<\/strong><\/p>\n<p><strong>Vote: pour \u00e0 l\u2019unanimit\u00e9.<\/strong><\/p>\n<h6>Le CA est \u00e9lu pour 2 ans: cette ann\u00e9e les 9 membres qui le composent sont \u00e0 renouveler: Florence Besan\u00e7on, Vincente Catala, Dani\u00e8le B\u00e9ziat, Aline Gaubert, Isabelle Gauzente, Paul Guilhem, Marie-Paule Labitte, Brigitte P\u00e9ret et Nicole Polino. Ils se repr\u00e9sentent et sont r\u00e9\u00e9lus pour deux ans. Ils se r\u00e9unissent en suivant pour former le bureau.<\/h6>\n<h6>Pr\u00e9sidente: Brigite P\u00e9ret<\/h6>\n<h6>Vice-Pr\u00e9sidente: Dani\u00e8le B\u00e9ziat<\/h6>\n<h6>Tr\u00e9sori\u00e8re; Nicole Polino<\/h6>\n<h6>Tr\u00e9sori\u00e8re adjoint: Aline Gaubert<\/h6>\n<h6>Secr\u00e9taire: Vincente Catala<\/h6>\n<hr \/>\n<p><strong>COMPTE RENDU\u00a0 ASSEMBLEE\u00a0\u00a0\u00a0 GENERALE\u00a0\u00a0 du \u00a04<\/strong><strong>\u00a0F\u00e9vrier 2016<\/strong><\/p>\n<p><strong>-Bilan moral et d\u2019activit\u00e9s :<\/strong><\/p>\n<h6>Fid\u00e8le \u00e0 ses objectifs, Le Castelet des M\u00e9tamorphoses essaie d\u2019ouvrir des passerelles avec des cultures autres, tout en int\u00e9grant des artistes locaux et essaie de maintenir du lien entre participants dans ses manifestations et quand c\u2019est possible, quand l\u2019occasion se pr\u00e9sente, avec d\u2019autres associations. C\u2019est le but principal de ses ap\u00e9ros spectacles qui repr\u00e9sentent la majorit\u00e9 de ses activit\u00e9s actuellement.<\/h6>\n<h6>Cette ann\u00e9e \u00e9coul\u00e9e, 2015, a commenc\u00e9 avec deux animations sur la Syrie en janvier:\u00a0u<strong>n ap\u00e9ro-conf\u00e9rence<\/strong> , le 16, avec Mme Neveux-Leclerc, professeur \u00e0 l\u2019\u00e9cole du Louvre, sur l\u2019histoire de la Syrie \u00e0 travers ses monuments<strong>\u00a0 suivi d\u2019un ap\u00e9ro-cin\u00e9ma<\/strong>, le 23, avec la projection du film \u00ab Eau argent\u00e9e\u00bb, en partenariat avec le Cin\u00e9-clap, Amnesty International et le Cin\u00e9ma La Halle aux grains.<\/h6>\n<h6>D\u2019autres ap\u00e9ros ont suivi:\u00a0<strong>ap\u00e9ro-th\u00e9\u00e2tre occitan<\/strong> (6 mars): \u00abd\u00e9localis\u00e9\u00bb \u00e0 Issel et en partenariat avec l\u2019association ARCSI d\u2019Issel,\u00a0<strong>ap\u00e9ro-conf\u00e9rence <\/strong>sur l\u2019Ebru, technique et histoire du papier marbr\u00e9, le 6 mai, par Nicole Polge,\u00a0<strong>ap\u00e9ro gourmand <\/strong>\u00abFood\u2019amour\u00bb pour nous retrouver \u00e0 la rentr\u00e9e, le 14 octobre, pendant la semaine du go\u00fbt,\u00a0<strong>ap\u00e9ro-th\u00e9\u00e2tre<\/strong> \u00abHistoire d\u2019hommes\u00bb, le 13 novembre, par Isabelle Perry,\u00a0<strong>ap\u00e9ro-chanson<\/strong>, le 2 d\u00e9cembre, avec R\u00e9mi Mouillerac.\u00a0La fr\u00e9quentation \u00e0 ses ap\u00e9ros est \u00abfluctuante\u00bb, certains attirant de nombreux participants, d\u2019autres moins.<\/h6>\n<h6>On peut toutefois noter que\u00a0lorsque ces manifestations ont lieu un vendredi soir, elles attirent plus de monde, et que\u00a0\u00abd\u00e9localiser\u00bb d\u00e9mobilise les Chauriens<\/h6>\n<h6>Deux manifestations ont \u00e9t\u00e9 annul\u00e9es:\u00a0l\u2019ap\u00e9ro-pr\u00e9sentation de livre par Edgard Weber \u00e0 cause de la neige et\u00a0le rallye-photo en ville, en juin, \u00e0 cause du mauvais temps.\u00a0Mais nous les reprenons cette ann\u00e9e en esp\u00e9rant avoir plus de chance.\u00a0Edgard Weber, sp\u00e9cialiste du monde arabe, reviendra le 8 avril et nous fera une conf\u00e9rence sur\u00bb Comprendre les drames au Moyen-Orient\u00bb avant la pr\u00e9sentation de son livre, et le rallye-photo devrait avoir lieu le 4 juin mais sera tributaire du temps.<\/h6>\n<h6><strong>Le groupe th\u00e9\u00e2tre<\/strong> a pr\u00e9sent\u00e9 sa pi\u00e8ce de l\u2019ann\u00e9e \u00abOn est morts. Pas de quoi en faire tout un plat\u00bb d\u2019apr\u00e8s \u00abLa mastication des morts\u00bb de P. Kermann avec toujours Marie Salvetat pour la mise en sc\u00e8ne. La fr\u00e9quentation a baiss\u00e9, donc les recettes \u00e9galement, elle a s\u00fbrement souffert du th\u00e8me de la pi\u00e8ce comme nous l\u2019ont dit plusieurs personnes.<\/h6>\n<h6>La troupe a jou\u00e9 dans plusieurs villages (Villasavary, Vaudreuille, Carlipa, Villeneuve-la-comptal, Raissac-sur-Lampy) et bien s\u00fbr \u00e0 Castelnaudary.\u00a0Merci au Lyc\u00e9e Jean Durand qui accueille la troupe pour les r\u00e9p\u00e9titions.<\/h6>\n<h6>Depuis quelque temps, nous r\u00e9fl\u00e9chissons \u00e0 la fa\u00e7on de diversifier nos propositions:\u00a0nous avons abandonn\u00e9 l\u2019id\u00e9e de sortie th\u00e9\u00e2tre en bus \u00e0 Toulouse, vu les derni\u00e8res exp\u00e9riences. Nous avons essay\u00e9 avec le rallye-photo et la sortie dans les Corbi\u00e8res, pour faire le sentier Joseph Delteil. Selon leur succ\u00e8s, nous envisagerons une suite.<\/h6>\n<p><strong>Vote:\u00a0 pour \u00e0 l\u2019unanimit\u00e9.<\/strong><\/p>\n<p><strong>Bilan financier<\/strong><\/p>\n<p><strong>Vote: pour \u00e0 l\u2019unanimit\u00e9.<\/strong><\/p>\n<h6>-Cette ann\u00e9e, pas de renouvellement de CA, ni de bureau, puisque les \u00e9lus le sont pour deux ans.<\/h6>\n<h6>Fin de la s\u00e9ance.<\/h6>\n<hr \/>\n<p><strong>COMPTE RENDU\u00a0 ASSEMBLEE\u00a0\u00a0\u00a0 GENERALE\u00a0\u00a0 du \u00a0<\/strong><strong>25 F\u00e9vrier 2015<\/strong><\/p>\n<p><strong>\u00a0<\/strong><strong>Bilan des activit\u00e9s:<\/strong><\/p>\n<h6 style=\"text-align: justify;\"><strong>\u00a0<\/strong>A travers ses activit\u00e9s, le Castelet des M\u00e9tamorphoses tient \u00e0 rester fid\u00e8le aux id\u00e9es qui l\u2019animent, c\u2019est-\u00e0-dire, d\u2019une part promouvoir des talents locaux et d\u2019autre part, proposer une ouverture au monde tout en favorisant la cr\u00e9ation de liens entre les personnes.<\/h6>\n<h6>La municipalit\u00e9 et ses services l\u2019y aident \u00e9norm\u00e9ment, c\u2019est r\u00e9confortant de se sentir soutenus et nous les en\u00a0 remercions.<\/h6>\n<h6>De m\u00eame, nous remercions le lyc\u00e9e Jean Durand qui met \u00e0 disposition ses locaux pour les r\u00e9p\u00e9titions du groupe th\u00e9\u00e2tre.<\/h6>\n<h1>&#8230;&#8230;&#8230;<\/h1>\n<h6>En conclusion, l\u2019\u00e9quipe du Castelet est une \u00e9quipe qui tourne bien car les personnes du groupe ont :<\/h6>\n<h6>&#8211; les m\u00eames id\u00e9es sur la mani\u00e8re de fonctionner\u00a0 de l\u2019association \u00abde d\u00e9mocratie participative\u00bb<\/h6>\n<h6>&#8211; \u00a0des qualit\u00e9s compl\u00e9mentaires<\/h6>\n<h6>&#8211; \u00a0l\u2019habitude de fonctionner ensemble<\/h6>\n<h6>&#8211; \u00a0 l\u2019esprit &#8230; et l\u2019estomac, ouverts \u00e0 toutes les cultures<\/h6>\n<h6>qui ont donc grand plaisir \u00e0 se retrouver. (je les remercie particuli\u00e8rement pour ces moments chaleureux).<\/h6>\n<h6>Que ce plaisir soit partag\u00e9 par les personnes qui nous suivent et viennent \u00e0 nos rendez-vous est notre meilleure r\u00e9compense.<\/h6>\n<h6>La pr\u00e9sidente<\/h6>\n<h3><strong>COMPOSITION DU BUREAU:\u00a0<\/strong><\/h3>\n<h6>Pr\u00e9sidente: Brigitte Peret<\/h6>\n<h6>Vice Pr\u00e9sidente: Dani\u00e8le B\u00e9ziat<\/h6>\n<h6>Secr\u00e9taire: Vincente Catala<\/h6>\n<h6>Tr\u00e9sori\u00e8re: Nicole Polino<\/h6>\n<h6>Tr\u00e9sori\u00e8re adjointe: Aline Gaubert<\/h6>\n<h6>\u00a0et aussi au Conseil d&rsquo;administration: Florence Besan\u00e7on, Isabelle Gauzente, Paul Guilhem, et Mari-Paule Labitte.<\/h6>\n","protected":false},"excerpt":{"rendered":"<p>LE CASTELET THEATRE DES METAMORPHOSES Association loi 1901, d\u00e9clar\u00e9e \u00e0 la Pr\u00e9fecture de Carcassonne le 12\/06\/1989\u00a0 Adresse courrier: Maison des Associations, Avenue de Lattre de Tassigny, 11400 \u00a0 \u00a0CASTELNAUDARY N\u00b0 SIRET : 533 187 280 00010 COMPTE RENDU ASSEMBLEE GENERALE du 30 Mars 2022 Rapport moral et d\u2019activit\u00e9s: Si l\u2019ann\u00e9e 2022, conna\u00eet une actualit\u00e9 bien [&hellip;]<\/p>\n","protected":false},"author":1,"featured_media":0,"parent":0,"menu_order":0,"comment_status":"closed","ping_status":"closed","template":"","meta":{"footnotes":""},"class_list":["post-65","page","type-page","status-publish","hentry"],"_links":{"self":[{"href":"https:\/\/www.lecasteletdesmetamorphoses.fr\/index.php?rest_route=\/wp\/v2\/pages\/65","targetHints":{"allow":["GET"]}}],"collection":[{"href":"https:\/\/www.lecasteletdesmetamorphoses.fr\/index.php?rest_route=\/wp\/v2\/pages"}],"about":[{"href":"https:\/\/www.lecasteletdesmetamorphoses.fr\/index.php?rest_route=\/wp\/v2\/types\/page"}],"author":[{"embeddable":true,"href":"https:\/\/www.lecasteletdesmetamorphoses.fr\/index.php?rest_route=\/wp\/v2\/users\/1"}],"replies":[{"embeddable":true,"href":"https:\/\/www.lecasteletdesmetamorphoses.fr\/index.php?rest_route=%2Fwp%2Fv2%2Fcomments&post=65"}],"version-history":[{"count":18,"href":"https:\/\/www.lecasteletdesmetamorphoses.fr\/index.php?rest_route=\/wp\/v2\/pages\/65\/revisions"}],"predecessor-version":[{"id":911,"href":"https:\/\/www.lecasteletdesmetamorphoses.fr\/index.php?rest_route=\/wp\/v2\/pages\/65\/revisions\/911"}],"wp:attachment":[{"href":"https:\/\/www.lecasteletdesmetamorphoses.fr\/index.php?rest_route=%2Fwp%2Fv2%2Fmedia&parent=65"}],"curies":[{"name":"wp","href":"https:\/\/api.w.org\/{rel}","templated":true}]}}